{"id":3467,"date":"2024-04-29T07:54:28","date_gmt":"2024-04-29T05:54:28","guid":{"rendered":"https:\/\/bitters.bio\/zasady-ochrany-osobnich-udaju\/"},"modified":"2024-10-14T10:43:01","modified_gmt":"2024-10-14T08:43:01","slug":"zasady-ochrany-osobnich-udaju","status":"publish","type":"page","link":"https:\/\/bitters.bio\/cs\/zasady-ochrany-osobnich-udaju\/","title":{"rendered":"Z\u00e1sady ochrany osobn\u00edch \u00fadaj\u016f"},"content":{"rendered":"\n<div style=\"height:100px\" aria-hidden=\"true\" class=\"wp-block-spacer\"><\/div>\n\n<h3 class=\"wp-block-heading\">Z\u00e1sady pro nakl\u00e1d\u00e1n\u00ed s osobn\u00edmi \u00fadaji a jejich ochranu<\/h3>\n\n<h4 class=\"wp-block-heading\">1. Z\u00c1KLADN\u00cd INFORMACE<\/h4>\n\n<p>1.1 Jsme obchodn\u00ed spole\u010dnosti Mighty Impacts s.r.o., Bitters s.r.o. a Bitters Energy a.s. (d\u00e1le jen &#8222;Spole\u010dnosti&#8220;), se s\u00eddlem Pod are\u00e1lem 406\/16, Praha 10, PS\u010c: 102 00, I\u010cO: 00244138, DI\u010c: CZ254138138, se s\u00eddlem v Praze, ul: Bitters Energy s.r.o., I\u010cO: 24299171, 04141997 a 06349595, zapsan\u00e9 v obchodn\u00edm rejst\u0159\u00edku veden\u00e9m M\u011bstsk\u00fdm soudem v Praze, spisov\u00e9 zna\u010dky C 194408, C 242945 a B 22749. V souladu s obecn\u00fdm na\u0159\u00edzen\u00edm o ochran\u011b osobn\u00edch \u00fadaj\u016f (na\u0159\u00edzen\u00ed (EU) 2016\/679) jsou Spole\u010dnosti spole\u010dn\u00fdmi spr\u00e1vci tv\u00fdch osobn\u00edch \u00fadaj\u016f, co\u017e znamen\u00e1, \u017ee shroma\u017e\u010fujeme, uchov\u00e1v\u00e1me a pou\u017e\u00edv\u00e1me (zpracov\u00e1v\u00e1me) tv\u00e9 osobn\u00ed \u00fadaje za \u00fa\u010delem prov\u00e1d\u011bn\u00ed na\u0161ich obchodn\u00edch \u010dinnost\u00ed (konkr\u00e9tn\u00ed \u00fa\u010dely zpracov\u00e1n\u00ed osobn\u00edch \u00fadaj\u016f jsou definov\u00e1ny n\u00ed\u017ee).<\/p>\n\n<p>1.2 Spole\u010dnosti pova\u017euj\u00ed v\u0161echny zpracov\u00e1van\u00e9 osobn\u00ed \u00fadaje za p\u0159\u00edsn\u011b d\u016fv\u011brn\u00e9 a nakl\u00e1daj\u00ed s nimi v souladu s platn\u00fdmi z\u00e1kony o ochran\u011b osobn\u00edch \u00fadaj\u016f. Bezpe\u010dnost va\u0161ich osobn\u00edch \u00fadaj\u016f je pro spole\u010dnosti prioritou.<\/p>\n\n<h4 class=\"wp-block-heading\">2. TYPY OSOBN\u00cdCH \u00daDAJ\u016e, KTER\u00c9 ZPRACOV\u00c1V\u00c1ME<\/h4>\n\n<p>2.1 Zpracov\u00e1v\u00e1me pouze osobn\u00ed \u00fadaje, kter\u00e9 n\u00e1m poskytnete p\u0159i pou\u017e\u00edv\u00e1n\u00ed na\u0161eho internetov\u00e9ho obchodu na webov\u00fdch adres\u00e1ch www.bitters.cz nebo www.bittersgum.com, p\u0159\u00edpadn\u011b jin\u00fdm zp\u016fsobem, kter\u00fd si zvol\u00edte.<\/p>\n\n<p>2.2 P\u0159i n\u00e1v\u0161t\u011bv\u011b na\u0161ich webov\u00fdch str\u00e1nek m\u016f\u017eeme tak\u00e9 shroma\u017e\u010fovat ur\u010dit\u00e9 informace o v\u00e1s, nap\u0159\u00edklad va\u0161i IP adresu, datum a \u010das p\u0159\u00edstupu na na\u0161e webov\u00e9 str\u00e1nky, informace o va\u0161em internetov\u00e9m prohl\u00ed\u017ee\u010di, opera\u010dn\u00edm syst\u00e9mu nebo jazykov\u00e9m nastaven\u00ed. M\u016f\u017eeme tak\u00e9 zpracov\u00e1vat informace o va\u0161em chov\u00e1n\u00ed na na\u0161ich webov\u00fdch str\u00e1nk\u00e1ch, nap\u0159\u00edklad o tom, kter\u00e9 odkazy na na\u0161ich webov\u00fdch str\u00e1nk\u00e1ch nav\u0161t\u011bvujete a kter\u00e9 produkty se v\u00e1m zobrazuj\u00ed. V z\u00e1jmu ochrany va\u0161eho soukrom\u00ed jsou v\u0161ak informace o va\u0161em chov\u00e1n\u00ed online anonymizov\u00e1ny, a proto je nem\u016f\u017eeme spojit s konkr\u00e9tn\u00edm u\u017eivatelem, tj. konkr\u00e9tn\u00ed osobou.<\/p>\n\n<p>2.3 Pokud na na\u0161e webov\u00e9 str\u00e1nky p\u0159istupujete z mobiln\u00edho telefonu nebo podobn\u00e9ho za\u0159\u00edzen\u00ed, m\u016f\u017eeme tak\u00e9 zpracov\u00e1vat informace o va\u0161em mobiln\u00edm za\u0159\u00edzen\u00ed (\u00fadaje o va\u0161em mobiln\u00edm telefonu).<\/p>\n\n<p>2.4 Automaticky zpracov\u00e1v\u00e1me tak\u00e9 soubory cookie.<\/p>\n\n<h4 class=\"wp-block-heading\">3. PRO\u010c SHROMA\u017d\u010eUJEME A ZPRACOV\u00c1V\u00c1ME TV\u00c9 OSOBN\u00cd \u00daDAJE<\/h4>\n\n<p>3.1 Tvoje osobn\u00ed \u00fadaje zpracov\u00e1v\u00e1me pro n\u00e1sleduj\u00edc\u00ed \u00fa\u010dely:<\/p>\n\n<ul class=\"wp-block-list\">\n<li><strong>N\u00e1kup zbo\u017e\u00ed a slu\u017eeb:<\/strong> Tvoje osobn\u00ed \u00fadaje zpracov\u00e1v\u00e1me p\u0159edev\u0161\u00edm za \u00fa\u010delem \u0159\u00e1dn\u00e9ho vy\u0159\u00edzen\u00ed a doru\u010den\u00ed tv\u00e9 objedn\u00e1vky. V p\u0159\u00edpad\u011b probl\u00e9m\u016f m\u016f\u017eeme d\u00edky tv\u00fdm osobn\u00edm \u00fadaj\u016fm v\u011bd\u011bt, na koho se obr\u00e1tit.<\/li>\n\n\n\n<li><strong>P\u00e9\u010de o z\u00e1kazn\u00edky:<\/strong> Pokud se na n\u00e1s obr\u00e1t\u00edte s jak\u00fdmikoliv dotazy\/probl\u00e9my, pot\u0159ebujeme zpracovat va\u0161e \u00fadaje, abychom je mohli zodpov\u011bd\u011bt\/vy\u0159e\u0161it. V n\u011bkter\u00fdch p\u0159\u00edpadech mohou b\u00fdt osobn\u00ed \u00fadaje p\u0159ed\u00e1v\u00e1ny tak\u00e9 t\u0159et\u00edm stran\u00e1m (nap\u0159. p\u0159epravc\u016fm zbo\u017e\u00ed).<\/li>\n\n\n\n<li><strong>U\u017eivatelsk\u00fd \u00fa\u010det:<\/strong>  Pokud jste si u n\u00e1s vytvo\u0159ili u\u017eivatelsk\u00fd \u00fa\u010det, m\u016f\u017eeme v\u00e1m poskytnout p\u0159\u00edstup k r\u016fzn\u00fdm u\u017eite\u010dn\u00fdm funkc\u00edm na z\u00e1klad\u011b osobn\u00edch \u00fadaj\u016f, kter\u00e9 uvedete ve sv\u00e9m u\u017eivatelsk\u00e9m profilu (nap\u0159. pokud uvedete sv\u00e9 telefonn\u00ed \u010d\u00edslo, m\u016f\u017eeme v\u00e1s snadno informovat o tom, kdy v\u00e1m bude doru\u010dena objedn\u00e1vka). Zadan\u00e9 \u00fadaje m\u016f\u017eete kdykoli zm\u011bnit, s v\u00fdjimkou e-mailov\u00e9 adresy pou\u017e\u00edvan\u00e9 pro p\u0159\u00edstup k va\u0161emu u\u017eivatelsk\u00e9mu \u00fa\u010dtu.<\/li>\n\n\n\n<li><strong>Marketingov\u00e9 aktivity:<\/strong><\/li>\n\n\n\n<li><strong>Email marketing:<\/strong> We send commercial emails only with your consent. You can easily unsubscribe from receiving commercial emails by contacting us on our hotline at +420 774251159 or by emailing us at info@bitters.bio.<\/li>\n\n\n\n<li><strong>Marketingov\u00e9 sout\u011b\u017ee:<\/strong> V n\u011bkter\u00fdch p\u0159\u00edpadech m\u016f\u017ee b\u00fdt v\u00edt\u011bz sout\u011b\u017ee vyfotografov\u00e1n nebo nahr\u00e1n, a to zejm\u00e9na za \u00fa\u010delem zv\u00fd\u0161en\u00ed transparentnosti na\u0161ich marketingov\u00fdch sout\u011b\u017e\u00ed. Toto zpracov\u00e1n\u00ed osobn\u00edch \u00fadaj\u016f prov\u00e1d\u00edme na z\u00e1klad\u011b na\u0161eho opr\u00e1vn\u011bn\u00e9ho z\u00e1jmu, kter\u00fd spo\u010d\u00edv\u00e1 ve zv\u00fd\u0161en\u00ed d\u016fv\u011bryhodnosti marketingov\u00fdch sout\u011b\u017e\u00ed v o\u010d\u00edch ostatn\u00edch \u00fa\u010dastn\u00edk\u016f a zv\u00fd\u0161en\u00ed atraktivity t\u011bchto sout\u011b\u017e\u00ed. Proti tomuto zpracov\u00e1n\u00ed m\u016f\u017eete vzn\u00e9st n\u00e1mitku.<\/li>\n\n\n\n<li><strong>Hodnocen\u00ed zbo\u017e\u00ed a slu\u017eeb z\u00e1kazn\u00edky:<\/strong> Po n\u00e1kupu zbo\u017e\u00ed nebo slu\u017eeb u n\u00e1s m\u016f\u017eete b\u00fdt po\u017e\u00e1d\u00e1ni o zp\u011btnou vazbu. Recenze m\u016f\u017eete zad\u00e1vat i z vlastn\u00ed iniciativy.<\/li>\n\n\n\n<li><strong>Uplat\u0148ov\u00e1n\u00ed pr\u00e1v a pr\u00e1vn\u00edch n\u00e1rok\u016f a kontrola ze strany org\u00e1n\u016f ve\u0159ejn\u00e9 moci:<\/strong> Tvoje osobn\u00ed \u00fadaje m\u016f\u017eeme zpracov\u00e1vat tak\u00e9 za \u00fa\u010delem uplatn\u011bn\u00ed na\u0161ich pr\u00e1v a pr\u00e1vn\u00edch n\u00e1rok\u016f (nap\u0159. pokud m\u00e1\u0161 v\u016f\u010di n\u00e1m nesplacen\u00fd dluh). D\u00e1le m\u016f\u017eeme tvoje osobn\u00ed \u00fadaje zpracov\u00e1vat pro \u00fa\u010dely kontrol prov\u00e1d\u011bn\u00fdch org\u00e1ny ve\u0159ejn\u00e9 moci a z jin\u00fdch podobn\u011b z\u00e1va\u017en\u00fdch d\u016fvod\u016f.<\/li>\n<\/ul>\n\n<h4 class=\"wp-block-heading\">4. PR\u00c1VN\u00cd Z\u00c1KLAD PRO ZPRACOV\u00c1N\u00cd OSOBN\u00cdCH \u00daDAJ\u016e<\/h4>\n\n<p>4.1 <strong>Pln\u011bn\u00ed a uzav\u00edr\u00e1n\u00ed smluv<\/strong> &#8211; podstatnou \u010d\u00e1st tv\u00fdch osobn\u00edch \u00fadaj\u016f pot\u0159ebujeme k tomu, abychom mohli uzav\u0159\u00edt kupn\u00ed nebo jinou smlouvu t\u00fdkaj\u00edc\u00ed se zbo\u017e\u00ed nebo slu\u017eeb, kter\u00e9 si u n\u00e1s chce\u0161 zakoupit. Po uzav\u0159en\u00ed smlouvy zpracov\u00e1v\u00e1me tvoje osobn\u00ed \u00fadaje za \u00fa\u010delem \u0159\u00e1dn\u00e9ho dod\u00e1n\u00ed zakoupen\u00e9ho zbo\u017e\u00ed nebo \u0159\u00e1dn\u00e9ho poskytnut\u00ed zakoupen\u00fdch slu\u017eeb. Na z\u00e1klad\u011b tohoto pr\u00e1vn\u00edho z\u00e1kladu zpracov\u00e1v\u00e1me p\u0159edev\u0161\u00edm faktura\u010dn\u00ed a dodac\u00ed \u00fadaje.<\/p>\n\n<p>4.2 <strong>Opr\u00e1vn\u011bn\u00e9 z\u00e1jmy<\/strong> &#8211; Tvoje osobn\u00ed \u00fadaje pou\u017e\u00edv\u00e1me k tomu, abychom ti poskytli relevantn\u00ed obsah, tj. obsah, kter\u00fd t\u011b zaj\u00edm\u00e1. Na z\u00e1klad\u011b opr\u00e1vn\u011bn\u00fdch z\u00e1jm\u016f zpracov\u00e1v\u00e1me zejm\u00e9na osobn\u00ed \u00fadaje, kter\u00e9 zpracov\u00e1v\u00e1me automaticky, a soubory cookie. Ze stejn\u00e9ho pr\u00e1vn\u00edho d\u016fvodu ti m\u016f\u017eeme zas\u00edlat e-mailov\u00e9 a SMS zpr\u00e1vy jako na\u0161im z\u00e1kazn\u00edk\u016fm. Pokud zpracov\u00e1v\u00e1me tvoje osobn\u00ed \u00fadaje na tomto pr\u00e1vn\u00edm z\u00e1klad\u011b, m\u016f\u017ee\u0161 proti takov\u00e9mu zpracov\u00e1n\u00ed vzn\u00e9st n\u00e1mitku.<\/p>\n\n<p>4.3 <strong>Consent<\/strong> &#8211; For the purpose of sending commercial communications, we process your personal data based on your consent. If you do not give us your consent and you are our customer, we may send you commercial communications without your consent. In any case, you can easily prohibit such marketing communication from us by contacting us by phone at +420 774251159 or by emailing us at info@bitters.bio. If you give us your consent to process personal data, you can revoke it at any time.<\/p>\n\n<h3 class=\"wp-block-heading\">P\u0159ed\u00e1v\u00e1n\u00ed osobn\u00edch \u00fadaj\u016f t\u0159et\u00edm stran\u00e1m<\/h3>\n\n<p>Tvoje osobn\u00ed \u00fadaje m\u016f\u017eeme p\u0159edat t\u0159et\u00edm stran\u00e1m pouze v n\u00e1sleduj\u00edc\u00edch p\u0159\u00edpadech:<\/p>\n\n<p><strong>Dod\u00e1n\u00ed zbo\u017e\u00ed:<\/strong> V\u00e1mi zvolen\u00fd dopravce by nebyl schopen doru\u010dit objednan\u00e9 zbo\u017e\u00ed, pokud bychom mu neposkytli \u00fadaje o tom, kam a komu m\u00e1 b\u00fdt zbo\u017e\u00ed doru\u010deno. Tyto informace p\u0159ed\u00e1v\u00e1me dopravci na z\u00e1klad\u011b \u00fadaj\u016f, kter\u00e9 jste uvedli v objedn\u00e1vce. Mezi tyto p\u0159ed\u00e1van\u00e9 \u00fadaje pat\u0159\u00ed p\u0159edev\u0161\u00edm va\u0161e jm\u00e9no, adresa pro doru\u010den\u00ed, telefonn\u00ed \u010d\u00edslo pro kontakt s dopravcem a v p\u0159\u00edpad\u011b, \u017ee zbo\u017e\u00ed nebylo zaplaceno p\u0159edem, \u010d\u00e1stka, kter\u00e1 m\u00e1 b\u00fdt zaplacena p\u0159i doru\u010den\u00ed. Dopravce je opr\u00e1vn\u011bn zpracov\u00e1vat osobn\u00ed \u00fadaje, kter\u00e9 mu poskytneme, pouze za \u00fa\u010delem doru\u010den\u00ed zbo\u017e\u00ed a pot\u00e9 je povinen osobn\u00ed \u00fadaje neprodlen\u011b vymazat.<\/p>\n\n<p><strong>Skladov\u00e1n\u00ed a doru\u010dov\u00e1n\u00ed zbo\u017e\u00ed smluvn\u00edmi partnery:<\/strong> Pokud si u n\u00e1s objedn\u00e1\u0161 zbo\u017e\u00ed, kter\u00e9 je ulo\u017eeno ve skladu na\u0161eho smluvn\u00edho partnera, mus\u00edme p\u0159edat tvoje osobn\u00ed \u00fadaje tomuto smluvn\u00edmu partnerovi za \u00fa\u010delem vy\u0159\u00edzen\u00ed objedn\u00e1vky. Mezi p\u0159ed\u00e1van\u00e9 \u00fadaje pat\u0159\u00ed tvoje jm\u00e9no, adresa pro doru\u010den\u00ed, telefonn\u00ed \u010d\u00edslo pro kontakt s dopravcem a v p\u0159\u00edpad\u011b, \u017ee zbo\u017e\u00ed nebylo zaplaceno p\u0159edem, \u010d\u00e1stka, kter\u00e1 m\u00e1 b\u00fdt zaplacena p\u0159i doru\u010den\u00ed. Tento smluvn\u00ed partner pak mus\u00ed uveden\u00e9 osobn\u00ed \u00fadaje poskytnout dopravci, kter\u00fd ti zbo\u017e\u00ed doru\u010d\u00ed, proto\u017ee jinak by ti dopravce nemohl zbo\u017e\u00ed doru\u010dit. Smluvn\u00ed partner, kter\u00fd pro n\u00e1s zbo\u017e\u00ed skladuje, i dopravce jsou povinni tyto osobn\u00ed \u00fadaje pou\u017e\u00edvat pouze pro \u00fa\u010dely skladov\u00e1n\u00ed\/dod\u00e1n\u00ed zbo\u017e\u00ed a pot\u00e9 je neprodlen\u011b vymazat.<\/p>\n\n<p><strong>Platebn\u00ed karty:<\/strong> Na\u0161e spole\u010dnost nem\u00e1 k dispozici \u00fadaje o platebn\u00edch kart\u00e1ch, kter\u00e9 u n\u00e1s pou\u017e\u00edv\u00e1te. K \u00fadaj\u016fm o va\u0161\u00ed platebn\u00ed kart\u011b m\u00e1 p\u0159\u00edstup pouze zabezpe\u010den\u00e1 platebn\u00ed br\u00e1na a p\u0159\u00edslu\u0161n\u00e1 bankovn\u00ed instituce.<\/p>\n\n<p><strong>Komer\u010dn\u00ed komunikace:<\/strong> V p\u0159\u00edpad\u011b zas\u00edl\u00e1n\u00ed obchodn\u00edch sd\u011blen\u00ed (nap\u0159. e-mailem nebo SMS) nebo telemarketingu m\u016f\u017eeme k distribuci nebo telefonov\u00e1n\u00ed vyu\u017e\u00edt subjekt t\u0159et\u00ed strany. Tento subjekt je v\u00e1z\u00e1n povinnost\u00ed ml\u010denlivosti a nesm\u00ed tvoje osobn\u00ed \u00fadaje pou\u017e\u00edt k \u017e\u00e1dn\u00e9mu jin\u00e9mu \u00fa\u010delu.<\/p>\n\n<p><strong>Heureka:<\/strong> Tvoji spokojenost s n\u00e1kupem hodnot\u00edme prost\u0159ednictv\u00edm e-mailov\u00fdch dotazn\u00edk\u016f v r\u00e1mci programu Ov\u011b\u0159eno z\u00e1kazn\u00edky, kter\u00e9ho se n\u00e1\u0161 e-shop \u00fa\u010dastn\u00ed. Ty ti zas\u00edl\u00e1me p\u0159i ka\u017ed\u00e9m n\u00e1kupu, pokud jejich zas\u00edl\u00e1n\u00ed neodm\u00edtne\u0161 v souladu s \u00a7 7 odst. 3 z\u00e1kona \u010d. 480\/2004 Sb. o n\u011bkter\u00fdch slu\u017eb\u00e1ch informa\u010dn\u00ed spole\u010dnosti. Osobn\u00ed \u00fadaje zpracov\u00e1v\u00e1me za \u00fa\u010delem zas\u00edl\u00e1n\u00ed dotazn\u00edk\u016f v programu Ov\u011b\u0159eno z\u00e1kazn\u00edky na z\u00e1klad\u011b na\u0161eho opr\u00e1vn\u011bn\u00e9ho z\u00e1jmu, kter\u00fdm je vyhodnocen\u00ed tv\u00e9 spokojenosti s n\u00e1kupem u n\u00e1s. Pro zas\u00edl\u00e1n\u00ed dotazn\u00edk\u016f, vyhodnocov\u00e1n\u00ed tv\u00e9 zp\u011btn\u00e9 vazby a anal\u00fdzu na\u0161eho postaven\u00ed na trhu vyu\u017e\u00edv\u00e1me zpracovatele, provozovatele port\u00e1lu Heureka.cz, kter\u00e9mu m\u016f\u017eeme pro tyto \u00fa\u010dely poskytnout informace o zakoupen\u00e9m zbo\u017e\u00ed a tvou e-mailovou adresu. Tvoje osobn\u00ed \u00fadaje nejsou p\u0159i zas\u00edl\u00e1n\u00ed e-mailov\u00fdch dotazn\u00edk\u016f p\u0159ed\u00e1v\u00e1ny \u017e\u00e1dn\u00e9 t\u0159et\u00ed stran\u011b pro jej\u00ed vlastn\u00ed \u00fa\u010dely. Proti zas\u00edl\u00e1n\u00ed e-mailov\u00fdch dotazn\u00edk\u016f v r\u00e1mci programu Ov\u011b\u0159eno z\u00e1kazn\u00edky m\u016f\u017ee\u0161 kdykoli vzn\u00e9st n\u00e1mitku, a to odm\u00edtnut\u00edm dal\u0161\u00edch dotazn\u00edk\u016f pomoc\u00ed odkazu v e-mailu s dotazn\u00edkem. V p\u0159\u00edpad\u011b tv\u00e9 n\u00e1mitky ti ji\u017e nebudeme dotazn\u00edky zas\u00edlat.<\/p>\n\n<p><strong>Vl\u00e1dn\u00ed org\u00e1ny:<\/strong> V p\u0159\u00edpad\u011b vym\u00e1h\u00e1n\u00ed na\u0161ich pr\u00e1v mohou b\u00fdt tv\u00e9 osobn\u00ed \u00fadaje p\u0159ed\u00e1ny t\u0159et\u00ed stran\u011b (nap\u0159. pr\u00e1vn\u00edkovi). Pokud n\u00e1m z\u00e1kon nebo st\u00e1tn\u00ed org\u00e1n (nap\u0159. Policie \u010cR) ulo\u017e\u00ed povinnost poskytnout tv\u00e9 osobn\u00ed \u00fadaje, mus\u00edme tak u\u010dinit.<\/p>\n\n<p>Tyto Z\u00e1sady nakl\u00e1d\u00e1n\u00ed s osobn\u00edmi \u00fadaji a jejich ochrany spole\u010dnost\u00ed Mighty Impacts s.r.o., Bitters s.r.o. a Bitters Energy a.s. jsou \u00fa\u010dinn\u00e9 od 25. kv\u011btna 2018 a jsou k dispozici v elektronick\u00e9 podob\u011b na adrese www.bitters.cz nebo www.bittersgum.com.<\/p>\n\n<div style=\"height:100px\" aria-hidden=\"true\" class=\"wp-block-spacer\"><\/div>\n","protected":false},"excerpt":{"rendered":"<p>Z\u00e1sady pro nakl\u00e1d\u00e1n\u00ed s osobn\u00edmi \u00fadaji a jejich ochranu 1. Z\u00c1KLADN\u00cd INFORMACE 1.1 Jsme obchodn\u00ed spole\u010dnosti Mighty Impacts s.r.o., Bitters s.r.o. a Bitters Energy a.s. (d\u00e1le jen &#8222;Spole\u010dnosti&#8220;), se s\u00eddlem Pod are\u00e1lem 406\/16, Praha 10, PS\u010c: 102 00, I\u010cO: 00244138, DI\u010c: CZ254138138, se s\u00eddlem v Praze, ul: Bitters Energy s.r.o., I\u010cO: 24299171, 04141997 a 06349595, [&hellip;]<\/p>\n","protected":false},"author":2,"featured_media":6155,"parent":0,"menu_order":0,"comment_status":"closed","ping_status":"open","template":"","meta":{"_acf_changed":false,"footnotes":""},"class_list":["post-3467","page","type-page","status-publish","has-post-thumbnail","hentry"],"acf":[],"_links":{"self":[{"href":"https:\/\/bitters.bio\/cs\/wp-json\/wp\/v2\/pages\/3467","targetHints":{"allow":["GET"]}}],"collection":[{"href":"https:\/\/bitters.bio\/cs\/wp-json\/wp\/v2\/pages"}],"about":[{"href":"https:\/\/bitters.bio\/cs\/wp-json\/wp\/v2\/types\/page"}],"author":[{"embeddable":true,"href":"https:\/\/bitters.bio\/cs\/wp-json\/wp\/v2\/users\/2"}],"replies":[{"embeddable":true,"href":"https:\/\/bitters.bio\/cs\/wp-json\/wp\/v2\/comments?post=3467"}],"version-history":[{"count":15,"href":"https:\/\/bitters.bio\/cs\/wp-json\/wp\/v2\/pages\/3467\/revisions"}],"predecessor-version":[{"id":8173,"href":"https:\/\/bitters.bio\/cs\/wp-json\/wp\/v2\/pages\/3467\/revisions\/8173"}],"wp:featuredmedia":[{"embeddable":true,"href":"https:\/\/bitters.bio\/cs\/wp-json\/wp\/v2\/media\/6155"}],"wp:attachment":[{"href":"https:\/\/bitters.bio\/cs\/wp-json\/wp\/v2\/media?parent=3467"}],"curies":[{"name":"wp","href":"https:\/\/api.w.org\/{rel}","templated":true}]}}