{"id":4952,"date":"2024-04-29T08:04:03","date_gmt":"2024-04-29T06:04:03","guid":{"rendered":"https:\/\/bitters.bio\/muj-ucet\/"},"modified":"2024-11-04T10:48:13","modified_gmt":"2024-11-04T09:48:13","slug":"muj-ucet","status":"publish","type":"page","link":"https:\/\/bitters.bio\/cs\/muj-ucet\/","title":{"rendered":"M\u016fj \u00fa\u010det"},"content":{"rendered":"\t\t<div data-elementor-type=\"wp-page\" data-elementor-id=\"4952\" class=\"elementor elementor-4952 elementor-13\" data-elementor-post-type=\"page\">\n\t\t\t\t<div class=\"elementor-element elementor-element-14f7f5c5 e-con-full e-flex e-con e-parent\" data-id=\"14f7f5c5\" data-element_type=\"container\" data-e-type=\"container\" data-settings=\"{&quot;background_background&quot;:&quot;classic&quot;}\">\n\t\t<div class=\"elementor-element elementor-element-a9b830f e-flex e-con-boxed e-con e-child\" data-id=\"a9b830f\" data-element_type=\"container\" data-e-type=\"container\">\n\t\t\t\t\t<div class=\"e-con-inner\">\n\t\t<div class=\"elementor-element elementor-element-f103f2a e-flex e-con-boxed e-con e-child\" data-id=\"f103f2a\" data-element_type=\"container\" data-e-type=\"container\">\n\t\t\t\t\t<div class=\"e-con-inner\">\n\t\t\t\t\t<\/div>\n\t\t\t\t<\/div>\n\t\t<div class=\"elementor-element elementor-element-24d40d8 e-flex e-con-boxed e-con e-child\" data-id=\"24d40d8\" data-element_type=\"container\" data-e-type=\"container\">\n\t\t\t\t\t<div class=\"e-con-inner\">\n\t\t\t\t<div class=\"elementor-element elementor-element-9cc3119 elementor-widget elementor-widget-shortcode\" data-id=\"9cc3119\" data-element_type=\"widget\" data-e-type=\"widget\" data-widget_type=\"shortcode.default\">\n\t\t\t\t<div class=\"elementor-widget-container\">\n\t\t\t\t\t\t\t<div class=\"elementor-shortcode\"><\/div>\n\t\t\t\t\t\t<\/div>\n\t\t\t\t<\/div>\n\t\t\t\t\t<\/div>\n\t\t\t\t<\/div>\n\t\t\t\t\t<\/div>\n\t\t\t\t<\/div>\n\t\t\t\t<div class=\"elementor-element elementor-element-fc4432d elementor-widget__width-inherit elementor-absolute e-transform elementor-widget elementor-widget-image\" data-id=\"fc4432d\" data-element_type=\"widget\" data-e-type=\"widget\" data-settings=\"{&quot;_position&quot;:&quot;absolute&quot;,&quot;_transform_rotateZ_effect&quot;:{&quot;unit&quot;:&quot;px&quot;,&quot;size&quot;:180,&quot;sizes&quot;:[]},&quot;_transform_rotateZ_effect_tablet&quot;:{&quot;unit&quot;:&quot;deg&quot;,&quot;size&quot;:&quot;&quot;,&quot;sizes&quot;:[]},&quot;_transform_rotateZ_effect_mobile&quot;:{&quot;unit&quot;:&quot;deg&quot;,&quot;size&quot;:&quot;&quot;,&quot;sizes&quot;:[]}}\" data-widget_type=\"image.default\">\n\t\t\t\t<div class=\"elementor-widget-container\">\n\t\t\t\t\t\t\t\t\t\t\t\t\t\t\t<img decoding=\"async\" width=\"800\" height=\"13\" src=\"https:\/\/bitters.bio\/wp-content\/uploads\/2024\/05\/divisor-blanco-abajo.svg\" class=\"attachment-large size-large wp-image-3217\" alt=\"\" \/>\t\t\t\t\t\t\t\t\t\t\t\t\t\t\t<\/div>\n\t\t\t\t<\/div>\n\t\t\t\t<\/div>\n\t\t<div class=\"elementor-element elementor-element-d1e8289 e-flex e-con-boxed e-con e-parent\" data-id=\"d1e8289\" data-element_type=\"container\" data-e-type=\"container\">\n\t\t\t\t\t<div class=\"e-con-inner\">\n\t\t\t\t<div class=\"elementor-element elementor-element-a8a041a elementor-widget elementor-widget-html\" data-id=\"a8a041a\" data-element_type=\"widget\" data-e-type=\"widget\" data-widget_type=\"html.default\">\n\t\t\t\t<div class=\"elementor-widget-container\">\n\t\t\t\t\t<script>\njQuery(document).ready(function($) {\n    \n    var $vatNumberField = $('#vat_number_field');\n    var $billingCompanyField = $('#billing_company_field');\n\n    $vatNumberField.insertAfter($billingCompanyField);\n    \n    var translations = {\n        'es-ES': {\n            label: 'NIF',\n            placeholder: 'NIF'\n        },\n        'cs-CZ': {\n            label: 'I\u010cO nebo DI\u010c',\n            placeholder: 'I\u010cO nebo DI\u010c'\n        },\n        'en-US': {\n            label: 'VAT Number',\n            placeholder: 'VAT Number'\n        }\n    };\n\n    var currentLang = $('html').attr('lang') || 'en-US';\n\n    var translation = translations[currentLang] || translations['en-US']; \n\n    $('#vat_number_field label').text(translation.label);\n    $('#vat_number').attr('placeholder', translation.placeholder);\n});\n\n<\/script>\t\t\t\t<\/div>\n\t\t\t\t<\/div>\n\t\t\t\t<div class=\"elementor-element elementor-element-7b75253 e-my-account-tabs-horizontal elementor-widget elementor-widget-woocommerce-my-account\" data-id=\"7b75253\" data-element_type=\"widget\" data-e-type=\"widget\" data-widget_type=\"woocommerce-my-account.default\">\n\t\t\t\t<div class=\"elementor-widget-container\">\n\t\t\t\t\t<div class=\"e-my-account-tab e-my-account-tab__ \">\t\t\t<div class=\"woocommerce\"><\/div>\t\t<\/div>\n\t\t\t\t\t\t<\/div>\n\t\t\t\t<\/div>\n\t\t\t\t\t<\/div>\n\t\t\t\t<\/div>\n\t\t\t\t<\/div>\n\t\t","protected":false},"excerpt":{"rendered":"<p>M\u016ej \u00fa\u010det Wholesaler Objedn\u00e1vky Adresy Podrobnosti o \u00fa\u010dtu Wholesaler Objedn\u00e1vky Adresy Podrobnosti o \u00fa\u010dtu Wholesaler Objedn\u00e1vky Adresy Podrobnosti o \u00fa\u010dtu Wholesaler Objedn\u00e1vky Adresy Podrobnosti o \u00fa\u010dtu Hello Developer (not Developer? Log out) From your account dashboard you can view your recent orders, manage your shipping and billing addresses, and edit your password and account details.<\/p>\n","protected":false},"author":2,"featured_media":6155,"parent":0,"menu_order":0,"comment_status":"closed","ping_status":"closed","template":"","meta":{"_acf_changed":false,"footnotes":""},"class_list":["post-4952","page","type-page","status-publish","has-post-thumbnail","hentry"],"acf":[],"_links":{"self":[{"href":"https:\/\/bitters.bio\/cs\/wp-json\/wp\/v2\/pages\/4952","targetHints":{"allow":["GET"]}}],"collection":[{"href":"https:\/\/bitters.bio\/cs\/wp-json\/wp\/v2\/pages"}],"about":[{"href":"https:\/\/bitters.bio\/cs\/wp-json\/wp\/v2\/types\/page"}],"author":[{"embeddable":true,"href":"https:\/\/bitters.bio\/cs\/wp-json\/wp\/v2\/users\/2"}],"replies":[{"embeddable":true,"href":"https:\/\/bitters.bio\/cs\/wp-json\/wp\/v2\/comments?post=4952"}],"version-history":[{"count":24,"href":"https:\/\/bitters.bio\/cs\/wp-json\/wp\/v2\/pages\/4952\/revisions"}],"predecessor-version":[{"id":8641,"href":"https:\/\/bitters.bio\/cs\/wp-json\/wp\/v2\/pages\/4952\/revisions\/8641"}],"wp:featuredmedia":[{"embeddable":true,"href":"https:\/\/bitters.bio\/cs\/wp-json\/wp\/v2\/media\/6155"}],"wp:attachment":[{"href":"https:\/\/bitters.bio\/cs\/wp-json\/wp\/v2\/media?parent=4952"}],"curies":[{"name":"wp","href":"https:\/\/api.w.org\/{rel}","templated":true}]}}