{"id":4954,"date":"2024-06-10T18:05:00","date_gmt":"2024-06-10T16:05:00","guid":{"rendered":"https:\/\/bitters.bio\/vytvorit-ucet\/"},"modified":"2024-06-27T19:45:47","modified_gmt":"2024-06-27T17:45:47","slug":"vytvorit-ucet","status":"publish","type":"page","link":"https:\/\/bitters.bio\/cs\/vytvorit-ucet\/","title":{"rendered":"Vytvo\u0159it \u00fa\u010det"},"content":{"rendered":"\t\t<div data-elementor-type=\"wp-page\" data-elementor-id=\"4954\" class=\"elementor elementor-4954 elementor-4457\" data-elementor-post-type=\"page\">\n\t\t\t\t<div class=\"elementor-element elementor-element-90687a5 e-con-full e-flex e-con e-parent\" data-id=\"90687a5\" data-element_type=\"container\" data-e-type=\"container\" data-settings=\"{&quot;background_background&quot;:&quot;classic&quot;}\">\n\t\t<div class=\"elementor-element elementor-element-1362d56 e-flex e-con-boxed e-con e-child\" data-id=\"1362d56\" data-element_type=\"container\" data-e-type=\"container\">\n\t\t\t\t\t<div class=\"e-con-inner\">\n\t\t\t\t<div class=\"elementor-element elementor-element-1c112b5 elementor-widget elementor-widget-heading\" data-id=\"1c112b5\" data-element_type=\"widget\" data-e-type=\"widget\" data-widget_type=\"heading.default\">\n\t\t\t\t<div class=\"elementor-widget-container\">\n\t\t\t\t\t<h2 class=\"elementor-heading-title elementor-size-default\">Vytvo\u0159it \u00fa\u010det<\/h2>\t\t\t\t<\/div>\n\t\t\t\t<\/div>\n\t\t\t\t<div class=\"elementor-element elementor-element-de042ab elementor-widget elementor-widget-text-editor\" data-id=\"de042ab\" data-element_type=\"widget\" data-e-type=\"widget\" data-widget_type=\"text-editor.default\">\n\t\t\t\t<div class=\"elementor-widget-container\">\n\t\t\t\t\t\t\t\t\t<p>Zaregistrujte se na Bitters a z\u00edskejte jedine\u010dn\u00e9 nab\u00eddky a slevy na na\u0161e produkty!<br \/>Pokud jste velkoobchodn\u00edk, nezapome\u0148te se zaregistrovat jako velkoobchodn\u00edk.<\/p><p>Pro v\u0161echny registrovan\u00e9 \u00fa\u010dty, a\u0165 u\u017e velkoobchodn\u00ed nebo individu\u00e1ln\u00ed, m\u00e1me v\u017edy n\u011bco speci\u00e1ln\u00edho!<\/p>\t\t\t\t\t\t\t\t<\/div>\n\t\t\t\t<\/div>\n\t\t\t\t\t<\/div>\n\t\t\t\t<\/div>\n\t\t\t\t<div class=\"elementor-element elementor-element-81f95b0 elementor-widget__width-inherit elementor-absolute e-transform elementor-widget elementor-widget-image\" data-id=\"81f95b0\" data-element_type=\"widget\" data-e-type=\"widget\" data-settings=\"{&quot;_position&quot;:&quot;absolute&quot;,&quot;_transform_rotateZ_effect&quot;:{&quot;unit&quot;:&quot;px&quot;,&quot;size&quot;:180,&quot;sizes&quot;:[]},&quot;_transform_rotateZ_effect_tablet&quot;:{&quot;unit&quot;:&quot;deg&quot;,&quot;size&quot;:&quot;&quot;,&quot;sizes&quot;:[]},&quot;_transform_rotateZ_effect_mobile&quot;:{&quot;unit&quot;:&quot;deg&quot;,&quot;size&quot;:&quot;&quot;,&quot;sizes&quot;:[]}}\" data-widget_type=\"image.default\">\n\t\t\t\t<div class=\"elementor-widget-container\">\n\t\t\t\t\t\t\t\t\t\t\t\t\t\t\t<img decoding=\"async\" width=\"800\" height=\"13\" src=\"https:\/\/bitters.bio\/wp-content\/uploads\/2024\/05\/divisor-blanco-abajo.svg\" class=\"attachment-large size-large wp-image-3217\" alt=\"\" \/>\t\t\t\t\t\t\t\t\t\t\t\t\t\t\t<\/div>\n\t\t\t\t<\/div>\n\t\t\t\t<\/div>\n\t\t<div class=\"elementor-element elementor-element-eda907c e-flex e-con-boxed e-con e-parent\" data-id=\"eda907c\" data-element_type=\"container\" data-e-type=\"container\">\n\t\t\t\t\t<div class=\"e-con-inner\">\n\t\t\t\t<div class=\"elementor-element elementor-element-96648ab elementor-widget elementor-widget-shortcode\" data-id=\"96648ab\" data-element_type=\"widget\" data-e-type=\"widget\" data-widget_type=\"shortcode.default\">\n\t\t\t\t<div class=\"elementor-widget-container\">\n\t\t\t\t\t\t\t<div class=\"elementor-shortcode\">    <div id=\"registration_result\"><\/div>\n    <form id=\"register-wholesaler-form\" class=\"register-wholesaler-form\">\n        <p class=\"form-row form-row-wide top\">\n            <label for=\"register_as_wholesaler\">REGISTROVAT SE JAKO VELKOOBCHOD? *<\/label>\n            <span class=\"radio-custom\">\n                <label>\n                    <input type=\"radio\" name=\"register_as_wholesaler\" value=\"no\" checked> Ne                <\/label>\n                <label>\n                    <input type=\"radio\" name=\"register_as_wholesaler\" value=\"yes\"> Ano                <\/label>\n            <\/span>\n\n        <\/p>\n        <div class=\"row\">\n            <div class=\"col-6\">\n                <p class=\"form-row form-row-first\">\n                    <label for=\"first_name\">JM\u00c9NO<abbr class=\"required\">*<\/abbr><\/label>\n                    <input type=\"text\" class=\"input-text \" name=\"first_name\" id=\"first_name\" \/>\n                <\/p>\n            <\/div>\n            <div class=\"col-6\">\n                <p class=\"form-row form-row-last\">\n                    <label for=\"last_name\">P\u0159\u00edjmen\u00ed <abbr class=\"required\">*<\/abbr><\/label>\n                    <input type=\"text\" class=\"input-text\" name=\"last_name\" id=\"last_name\" \/>\n                <\/p>\n            <\/div>\n        <\/div>\n        <div class=\"row\">\n            <div class=\"col-6\">\n                <p class=\"form-row form-row-wide\">\n                    <label for=\"company\">N\u00e1zev firmy<\/label>\n                    <input type=\"text\" class=\"input-text\" name=\"company\" id=\"company\" \/>\n                <\/p>\n            <\/div>\n            <div class=\"col-6\">\n                <p class=\"form-row form-row-wide\">\n                    <label for=\"vat_number\">I\u010cO nebo DI\u010c firmy<\/label>\n                    <input type=\"text\" class=\"input-text\" name=\"vat_number\" id=\"vat_number\" autocomplete=\"off\" \/>\n                <\/p>\n            <\/div>\n        <\/div>\n        <p class=\"form-row form-row-first\">\n            <label for=\"billing_country\">ZEM\u011a \/ REGION<abbr class=\"required\">*<\/abbr><\/label>\n            <select id=\"billing_country\" name=\"billing_country\" required>\n                                    <option value=\"CZ\">\u010cesk\u00e1 republika<\/option>\n                                    <option value=\"IT\">It\u00e1lie<\/option>\n                                    <option value=\"ES\">\u0160pan\u011blsko<\/option>\n                            <\/select>\n        <\/p>\n        <p class=\"form-row form-row-wide\">\n            <label for=\"billing_address_1\">Adresa ulice<abbr class=\"required\">*<\/abbr><\/label>\n            <span class=\"addres-1\">\n                <input type=\"text\" name=\"billing_address_1\" id=\"billing_address_1\" \/>\n            <\/span>\n            <input type=\"text\" name=\"billing_address_2\" id=\"billing_address_2\" placeholder=\"\u010c\u00edslo bytu, hotelov\u00e9ho pokoje atd. (nepovinn\u00e9)\" \/>\n        <\/p>\n        <p class=\"form-row form-row-first\">\n            <label for=\"billing_postcode\">PO\u0160TOVN\u00cd SM\u011aROVAC\u00cd \u010c\u00cdSLO \/ PS\u010c<abbr class=\"required\">*<\/abbr><\/label>\n            <input type=\"text\" class=\"input-text\" name=\"billing_postcode\" id=\"billing_postcode\" \/>\n        <\/p>\n        <p class=\"form-row form-row-last\">\n            <label for=\"billing_city\">M\u011aSTO <abbr class=\"required\">*<\/abbr><\/label>\n            <input type=\"text\" class=\"input-text\" name=\"billing_city\" id=\"billing_city\" \/>\n        <\/p>\n        <p class=\"form-row form-row-first\" id=\"billing_state_field\" style=\"display: none;\">\n            <label for=\"billing_state\">PROVINCE<abbr class=\"required\">*<\/abbr><\/label>\n            <select name=\"billing_state\" id=\"billing_state\" class=\"state_select\">\n                <option value=\"\">Select an option...<\/option>\n            <\/select>\n        <\/p>\n        <p class=\"form-row form-row-last\">\n            <label for=\"billing_phone\">TELEFON<abbr class=\"required\">*<\/abbr><\/label>\n            <input type=\"text\" class=\"input-text\" name=\"billing_phone\" id=\"billing_phone\" \/>\n        <\/p>\n        <p class=\"form-row form-row-wide\">\n            <label for=\"email\">EMAILOV\u00c1 ADRESA<abbr class=\"required\">*<\/abbr><\/label>\n            <input type=\"email\" class=\"input-text\" name=\"email\" id=\"email\" \/>\n        <\/p>\n        <p class=\"form-row form-row-wide\">\n            <label for=\"password\">HESLO<abbr class=\"required\">*<\/abbr><\/label>\n            <input type=\"password\" class=\"input-text\" name=\"password\" id=\"password\" \/>\n        <\/p>\n        <p class=\"form-row form-row-wide custom-checkbox\">\n            <input class=\"woocommerce-form__input woocommerce-form__input-checkbox input-checkbox\" name=\"terms\" type=\"checkbox\" id=\"terms\" \/>\n            <a href=\"\/terms-and-conditions\/\" target=\"_blank\" class=\"terms\">P\u0159ij\u00edm\u00e1m smluvn\u00ed podm\u00ednky<\/a>\n        <\/p>\n        <p class=\"form-row submit-button\">\n            <input type=\"hidden\" name=\"register\" value=\"1\" \/>\n            <button type=\"submit\" class=\"woocommerce-Button button\" id=\"submit_registration\" name=\"register\" value=\"VYTVO\u0158IT \u00da\u010cET\">VYTVO\u0158IT \u00da\u010cET<\/button>\n        <\/p>\n        <input type=\"hidden\" name=\"security\" id=\"custom_register_nonce\" value=\"000ce1be57\" \/>\n    <\/form>\n    <script>\n        jQuery(document).ready(function($) {\n            $('#submit_registration').on('click', function(event) {\n                event.preventDefault();\n                $('#register-wholesaler-form').addClass('loading');\n                var formData = $('#register-wholesaler-form').serialize();\n                var security = $('#custom_register_nonce').val();\n                $.ajax({\n                    type: 'POST',\n                    url: 'https:\/\/bitters.bio\/wp-admin\/admin-ajax.php',\n                    data: {\n                        action: 'custom_register_user',\n                        security: security,\n                        register: 1,\n                        formData: formData\n                    },\n                    success: function(response) {\n                        if (response.success) {\n                            $('#register-wholesaler-form').removeClass('loading');\n                            var currentUrl = window.location.href;\n                            var registrationCompleteUrl = '\/registration-complete\/';\n\n                            if (currentUrl.includes('\/es\/')) {\n                                registrationCompleteUrl = '\/es\/inscripcion-completa\/';\n                            } else if (currentUrl.includes('\/cs\/')) {\n                                registrationCompleteUrl = '\/cs\/registrace-dokoncena\/';\n                            }\n\n                            window.location.href = registrationCompleteUrl;\n                        } else {\n                            $('#register-wholesaler-form').removeClass('loading');\n                            $('#registration_result').html('<div>' + response.data.message + '<\/div>');\n                        }\n                    },\n                    error: function(error) {\n                        console.log(error);\n                        $('#register-wholesaler-form').removeClass('loading');\n                    }\n                });\n            });\n        });\n    <\/script>\n<\/div>\n\t\t\t\t\t\t<\/div>\n\t\t\t\t<\/div>\n\t\t\t\t<div class=\"elementor-element elementor-element-176c14f elementor-widget elementor-widget-html\" data-id=\"176c14f\" data-element_type=\"widget\" data-e-type=\"widget\" data-widget_type=\"html.default\">\n\t\t\t\t<div class=\"elementor-widget-container\">\n\t\t\t\t\t<script>jQuery(document).ready(function($) {\n        var iconHtml = '<span class=\"dashicons dashicons-arrow-down-alt2\"><\/span>';\n\n        function customizeSelect2Arrows() {\n            $('.register-wholesaler-form .select2-selection__arrow').find('*').remove();\n            $('.register-wholesaler-form .select2-selection__arrow').append(iconHtml);\n        }\n\n        function initializeCountryStateSelects() {\n\t\t\tsetTimeout(customizeSelect2Arrows, 10);\n            $('.register-wholesaler-form #billing_country').select2();\n\n            $('.register-wholesaler-form #billing_country').change(function() {\n                var country = $(this).val();\n                var stateSelect = $('.register-wholesaler-form #billing_state');\n                var stateWrapper = stateSelect.closest('.form-row');\n\n                stateSelect.empty().trigger('change'); \n\n                if (countries.hasOwnProperty(country)) {\n                    var states = countries[country];\n                    if ($.isEmptyObject(states)) {\n                        stateWrapper.hide();\n                    } else {\n                        $.each(states, function(stateCode, stateName) {\n                            stateSelect.append(new Option(stateName, stateCode));\n                        });\n                        stateWrapper.show();\n                        $('.register-wholesaler-form #billing_state').select2();\n                        setTimeout(customizeSelect2Arrows, 10);\n                    }\n                } else {\n                    stateWrapper.hide();\n                }\n            }).change(); \n        }\n\n        var countries = JSON.parse(wc_country_select_params.countries);\n\n        initializeCountryStateSelects();\n        setTimeout(customizeSelect2Arrows, 10);\n});\n<\/script>\t\t\t\t<\/div>\n\t\t\t\t<\/div>\n\t\t\t\t\t<\/div>\n\t\t\t\t<\/div>\n\t\t\t\t<\/div>\n\t\t","protected":false},"excerpt":{"rendered":"<p>Vytvo\u0159it \u00fa\u010det Zaregistrujte se na Bitters a z\u00edskejte jedine\u010dn\u00e9 nab\u00eddky a slevy na na\u0161e produkty!Pokud jste velkoobchodn\u00edk, nezapome\u0148te se zaregistrovat jako velkoobchodn\u00edk. Pro v\u0161echny registrovan\u00e9 \u00fa\u010dty, a\u0165 u\u017e velkoobchodn\u00ed nebo individu\u00e1ln\u00ed, m\u00e1me v\u017edy n\u011bco speci\u00e1ln\u00edho!<\/p>\n","protected":false},"author":2,"featured_media":6155,"parent":0,"menu_order":0,"comment_status":"closed","ping_status":"closed","template":"","meta":{"_acf_changed":false,"footnotes":""},"class_list":["post-4954","page","type-page","status-publish","has-post-thumbnail","hentry"],"acf":[],"_links":{"self":[{"href":"https:\/\/bitters.bio\/cs\/wp-json\/wp\/v2\/pages\/4954","targetHints":{"allow":["GET"]}}],"collection":[{"href":"https:\/\/bitters.bio\/cs\/wp-json\/wp\/v2\/pages"}],"about":[{"href":"https:\/\/bitters.bio\/cs\/wp-json\/wp\/v2\/types\/page"}],"author":[{"embeddable":true,"href":"https:\/\/bitters.bio\/cs\/wp-json\/wp\/v2\/users\/2"}],"replies":[{"embeddable":true,"href":"https:\/\/bitters.bio\/cs\/wp-json\/wp\/v2\/comments?post=4954"}],"version-history":[{"count":4,"href":"https:\/\/bitters.bio\/cs\/wp-json\/wp\/v2\/pages\/4954\/revisions"}],"predecessor-version":[{"id":5816,"href":"https:\/\/bitters.bio\/cs\/wp-json\/wp\/v2\/pages\/4954\/revisions\/5816"}],"wp:featuredmedia":[{"embeddable":true,"href":"https:\/\/bitters.bio\/cs\/wp-json\/wp\/v2\/media\/6155"}],"wp:attachment":[{"href":"https:\/\/bitters.bio\/cs\/wp-json\/wp\/v2\/media?parent=4954"}],"curies":[{"name":"wp","href":"https:\/\/api.w.org\/{rel}","templated":true}]}}