{"id":5436,"date":"2024-06-19T18:05:17","date_gmt":"2024-06-19T16:05:17","guid":{"rendered":"https:\/\/bitters.bio\/registrace-dokoncena\/"},"modified":"2024-08-02T12:23:22","modified_gmt":"2024-08-02T10:23:22","slug":"registrace-dokoncena","status":"publish","type":"page","link":"https:\/\/bitters.bio\/cs\/registrace-dokoncena\/","title":{"rendered":"Registrace dokon\u010dena"},"content":{"rendered":"\t\t<div data-elementor-type=\"wp-page\" data-elementor-id=\"5436\" class=\"elementor elementor-5436 elementor-5422\" data-elementor-post-type=\"page\">\n\t\t\t\t<div class=\"elementor-element elementor-element-5254666 e-flex e-con-boxed e-con e-parent\" data-id=\"5254666\" data-element_type=\"container\" data-e-type=\"container\">\n\t\t\t\t\t<div class=\"e-con-inner\">\n\t\t\t\t<div class=\"elementor-element elementor-element-e270523 elementor-widget elementor-widget-heading\" data-id=\"e270523\" data-element_type=\"widget\" data-e-type=\"widget\" data-widget_type=\"heading.default\">\n\t\t\t\t<div class=\"elementor-widget-container\">\n\t\t\t\t\t<h2 class=\"elementor-heading-title elementor-size-default\">Registrace dokon\u010dena<\/h2>\t\t\t\t<\/div>\n\t\t\t\t<\/div>\n\t\t\t\t<div class=\"elementor-element elementor-element-0e4a56f elementor-widget elementor-widget-text-editor\" data-id=\"0e4a56f\" data-element_type=\"widget\" data-e-type=\"widget\" data-widget_type=\"text-editor.default\">\n\t\t\t\t<div class=\"elementor-widget-container\">\n\t\t\t\t\t\t\t\t\t<p>D\u011bkujeme, va\u0161e registrace prob\u011bhla \u00fasp\u011b\u0161n\u011b.<br \/>Pokud jste se registroval jako velkoobchodn\u00edk, po\u010dkejte pros\u00edm na schv\u00e1len\u00ed va\u0161\u00ed registrace<\/p>\t\t\t\t\t\t\t\t<\/div>\n\t\t\t\t<\/div>\n\t\t\t\t<div class=\"elementor-element elementor-element-2a98468 elementor-widget elementor-widget-text-editor\" data-id=\"2a98468\" data-element_type=\"widget\" data-e-type=\"widget\" data-widget_type=\"text-editor.default\">\n\t\t\t\t<div class=\"elementor-widget-container\">\n\t\t\t\t\t\t\t\t\t<p>Pokud jste se registroval jako z\u00e1kazn\u00ed, m\u016f\u017eete se nyn\u00ed <a href=\"\/cs\/muj-ucet\/orders\/\">p\u0159ihl\u00e1sit zde<\/a>.<\/p>\t\t\t\t\t\t\t\t<\/div>\n\t\t\t\t<\/div>\n\t\t\t\t\t<\/div>\n\t\t\t\t<\/div>\n\t\t\t\t<\/div>\n\t\t","protected":false},"excerpt":{"rendered":"<p>Registrace dokon\u010dena D\u011bkujeme, va\u0161e registrace prob\u011bhla \u00fasp\u011b\u0161n\u011b.Pokud jste se registroval jako velkoobchodn\u00edk, po\u010dkejte pros\u00edm na schv\u00e1len\u00ed va\u0161\u00ed registrace Pokud jste se registroval jako z\u00e1kazn\u00ed, m\u016f\u017eete se nyn\u00ed p\u0159ihl\u00e1sit zde.<\/p>\n","protected":false},"author":3,"featured_media":6155,"parent":0,"menu_order":0,"comment_status":"closed","ping_status":"closed","template":"","meta":{"_acf_changed":false,"footnotes":""},"class_list":["post-5436","page","type-page","status-publish","has-post-thumbnail","hentry"],"acf":[],"_links":{"self":[{"href":"https:\/\/bitters.bio\/cs\/wp-json\/wp\/v2\/pages\/5436","targetHints":{"allow":["GET"]}}],"collection":[{"href":"https:\/\/bitters.bio\/cs\/wp-json\/wp\/v2\/pages"}],"about":[{"href":"https:\/\/bitters.bio\/cs\/wp-json\/wp\/v2\/types\/page"}],"author":[{"embeddable":true,"href":"https:\/\/bitters.bio\/cs\/wp-json\/wp\/v2\/users\/3"}],"replies":[{"embeddable":true,"href":"https:\/\/bitters.bio\/cs\/wp-json\/wp\/v2\/comments?post=5436"}],"version-history":[{"count":11,"href":"https:\/\/bitters.bio\/cs\/wp-json\/wp\/v2\/pages\/5436\/revisions"}],"predecessor-version":[{"id":7373,"href":"https:\/\/bitters.bio\/cs\/wp-json\/wp\/v2\/pages\/5436\/revisions\/7373"}],"wp:featuredmedia":[{"embeddable":true,"href":"https:\/\/bitters.bio\/cs\/wp-json\/wp\/v2\/media\/6155"}],"wp:attachment":[{"href":"https:\/\/bitters.bio\/cs\/wp-json\/wp\/v2\/media?parent=5436"}],"curies":[{"name":"wp","href":"https:\/\/api.w.org\/{rel}","templated":true}]}}