{"id":6984,"date":"2024-07-29T10:19:45","date_gmt":"2024-07-29T08:19:45","guid":{"rendered":"https:\/\/bitters.bio\/?page_id=6984"},"modified":"2024-07-29T10:19:46","modified_gmt":"2024-07-29T08:19:46","slug":"doprava-a-platba","status":"publish","type":"page","link":"https:\/\/bitters.bio\/cs\/doprava-a-platba\/","title":{"rendered":"Doprava a Platba"},"content":{"rendered":"\n<h2 class=\"wp-block-heading\">\u010cR\/SR &#8211; DOPRAVA A PLATBA<\/h2>\n\n\n\n<p><strong>DOPRAVA P\u0158EPRAVN\u00cd SPOLE\u010cNOST\u00cd:<\/strong><\/p>\n\n\n\n<p><strong>Z\u00c1SILKOVNA:<\/strong>&nbsp;dopravn\u00e9&nbsp;59K\u010d &#8211; ZDARMA&nbsp;nad 800 K\u010d<br><strong>GLS V\u00ddDEJN\u00cd M\u00cdSTA + ALZA BOXY<\/strong>: dopravn\u00e9&nbsp;59K\u010d &#8211; ZDARMA&nbsp;nad 800 K\u010d<\/p>\n\n\n\n<p><strong>GLS NA ADRESU<\/strong>: dopravn\u00e9&nbsp;79K\u010d &#8211; ZDARMA&nbsp;nad 800 K\u010d<\/p>\n\n\n\n<p><strong>Z\u00c1SILKOVNA na Slovensko:<\/strong>&nbsp;dopravn\u00e9&nbsp;99K\u010d &#8211; ZDARMA&nbsp;nad 1000 K\u010d<br><strong>GLS NA ADRESU na Slovensko<\/strong>: dopravn\u00e9&nbsp;149K\u010d &#8211; ZDARMA&nbsp;nad 1000 K\u010d<\/p>\n\n\n\n<p>*Pro objedn\u00e1vky na Slovensko je platba mo\u017en\u00e1 pouze online kartou p\u0159ed odesl\u00e1n\u00edm.<\/p>\n\n\n\n<p>\u010c\u00e1stka pro ur\u010den\u00ed dopravn\u00e9ho je po\u010d\u00edt\u00e1na z ceny po zapo\u010dten\u00ed v\u0161ech slev, v\u010detn\u011b slevov\u00fdch bonus k\u00f3d\u016f.<\/p>\n\n\n\n<p>P\u0159ed p\u0159evzet\u00edm zbo\u017e\u00ed pros\u00edm zkontrolujte, zda je obal neporu\u0161en\u00fd, v p\u0159\u00edpad\u011b jak\u00e9koliv nesrovnalosti zbo\u017e\u00ed nep\u0159eb\u00edrejte. Kontrola funk\u010dnosti v\u00fdrobku na m\u00edst\u011b nen\u00ed mo\u017en\u00e1.<\/p>\n\n\n\n<p>P\u0159esn\u00fd v\u00fdb\u011br hodiny dod\u00e1n\u00ed nen\u00ed bohu\u017eel ze strany dopravce mo\u017en\u00fd. Z\u00e1voz zbo\u017e\u00ed je realizov\u00e1n na z\u00e1klad\u011b p\u0159edchoz\u00edho av\u00edza dopravce v pr\u016fb\u011bhu pracovn\u00edho dne. Pokud nebudete p\u0159epravcem zasti\u017eeni, obdr\u017e\u00edte informaci ohledn\u011b n\u00e1sleduj\u00edc\u00edho term\u00ednu doru\u010den\u00ed, p\u0159\u00edpadn\u011b v\u00fdzvu k&nbsp;vyzvednut\u00ed na po\u0161t\u011b.<\/p>\n\n\n\n<p>Datum doru\u010den\u00ed uv\u00e1d\u011bn\u00fd na eshopu je orienta\u010dn\u00edm datem doru\u010den\u00ed.<\/p>\n\n\n\n<p><strong>PLATBA OBJEDN\u00c1VKY:<\/strong><\/p>\n\n\n\n<p><strong>Platba Kartou online<\/strong><br>Zbo\u017e\u00ed na eshopu v platebn\u00ed br\u00e1n\u011b kartou. Platbu je nutn\u00e9 prov\u00e9st do 30 minut od uzav\u0159en\u00ed objedn\u00e1vky, jinak bude objedn\u00e1vka zru\u0161ena.<\/p>\n\n\n\n<p><strong>Platba Na dob\u00edrku<\/strong><br>Zbo\u017e\u00ed zaplat\u00edte p\u0159epravci p\u0159i dod\u00e1n\u00ed, p\u0159\u00edmo na V\u00e1mi ur\u010den\u00e9 adrese. V p\u0159\u00edpad\u011b objedn\u00e1vky na dob\u00edrku nen\u00ed bohu\u017eel mo\u017en\u00e9 platit u dopravce kartou, platba je mo\u017en\u00e1 pouze v hotovosti. <strong>P\u0159i platb\u011b na dob\u00edrku bude k cen\u011b objedn\u00e1vky p\u0159i\u010dten poplatek za dob\u00edrku 29,- K\u010d. <\/strong>Platbu na dob\u00edrku nelze uskute\u010dnit pro objedn\u00e1vky na Slovensko.<\/p>\n\n\n\n<h2 class=\"wp-block-heading\">\u0160P &#8211; DOPRAVA A PLATBA<\/h2>\n\n\n\n<p><strong>DOPRAVA P\u0158EPRAVN\u00cd SPOLE\u010cNOST\u00cd:<\/strong><\/p>\n\n\n\n<p>MRW &#8211; Home Delivery: dopravn\u00e9&nbsp;5\u20ac &#8211; ZDARMA&nbsp;nad 40\u20ac<\/p>\n\n\n\n<p>MRW &#8211; Pickup Points: dopravn\u00e9&nbsp;5\u20ac &#8211; ZDARMA&nbsp;nad 40\u20ac<\/p>\n\n\n\n<p>\u010c\u00e1stka pro ur\u010den\u00ed dopravn\u00e9ho je po\u010d\u00edt\u00e1na z ceny po zapo\u010dten\u00ed v\u0161ech slev, v\u010detn\u011b slevov\u00fdch bonus k\u00f3d\u016f.<\/p>\n\n\n\n<p>P\u0159ed p\u0159evzet\u00edm zbo\u017e\u00ed pros\u00edm zkontrolujte, zda je obal neporu\u0161en\u00fd, v p\u0159\u00edpad\u011b jak\u00e9koliv nesrovnalosti zbo\u017e\u00ed nep\u0159eb\u00edrejte. Kontrola funk\u010dnosti v\u00fdrobku na m\u00edst\u011b nen\u00ed mo\u017en\u00e1.<\/p>\n\n\n\n<p>P\u0159esn\u00fd v\u00fdb\u011br hodiny dod\u00e1n\u00ed nen\u00ed bohu\u017eel ze strany dopravce mo\u017en\u00fd. Z\u00e1voz zbo\u017e\u00ed je realizov\u00e1n na z\u00e1klad\u011b p\u0159edchoz\u00edho av\u00edza dopravce v pr\u016fb\u011bhu pracovn\u00edho dne. Pokud nebudete p\u0159epravcem zasti\u017eeni, obdr\u017e\u00edte informaci ohledn\u011b n\u00e1sleduj\u00edc\u00edho term\u00ednu doru\u010den\u00ed, p\u0159\u00edpadn\u011b v\u00fdzvu k&nbsp;vyzvednut\u00ed na po\u0161t\u011b.<\/p>\n\n\n\n<p>Datum doru\u010den\u00ed uv\u00e1d\u011bn\u00fd na eshopu je orienta\u010dn\u00edm datem doru\u010den\u00ed.<\/p>\n\n\n\n<p><strong>PLATBA OBJEDN\u00c1VKY:<\/strong><\/p>\n\n\n\n<p><strong>Platba Kartou online<\/strong><br>Zbo\u017e\u00ed na eshopu v platebn\u00ed br\u00e1n\u011b kartou. Platbu je nutn\u00e9 prov\u00e9st do 30 minut od uzav\u0159en\u00ed objedn\u00e1vky, jinak bude objedn\u00e1vka zru\u0161ena.<\/p>\n\n\n\n<h2 class=\"wp-block-heading\">IT &#8211; DOPRAVA A PLATBA<\/h2>\n\n\n\n<p><strong>DOPRAVA P\u0158EPRAVN\u00cd SPOLE\u010cNOST\u00cd:<\/strong><\/p>\n\n\n\n<p>BARTOLINI &#8211; Home Delivery: dopravn\u00e9&nbsp;5\u20ac &#8211; ZDARMA&nbsp;nad 40\u20ac<br>BARTOLINI &#8211; Pickup Points: dopravn\u00e9&nbsp;5\u20ac &#8211; ZDARMA&nbsp;nad 40\u20ac<\/p>\n\n\n\n<p>BARTOLINI \u2013 Box: dopravn\u00e9&nbsp;5\u20ac &#8211; ZDARMA&nbsp;nad 40\u20ac<\/p>\n\n\n\n<p>\u010c\u00e1stka pro ur\u010den\u00ed dopravn\u00e9ho je po\u010d\u00edt\u00e1na z ceny po zapo\u010dten\u00ed v\u0161ech slev, v\u010detn\u011b slevov\u00fdch bonus k\u00f3d\u016f.<\/p>\n\n\n\n<p>P\u0159ed p\u0159evzet\u00edm zbo\u017e\u00ed pros\u00edm zkontrolujte, zda je obal neporu\u0161en\u00fd, v p\u0159\u00edpad\u011b jak\u00e9koliv nesrovnalosti zbo\u017e\u00ed nep\u0159eb\u00edrejte. Kontrola funk\u010dnosti v\u00fdrobku na m\u00edst\u011b nen\u00ed mo\u017en\u00e1.<\/p>\n\n\n\n<p>P\u0159esn\u00fd v\u00fdb\u011br hodiny dod\u00e1n\u00ed nen\u00ed bohu\u017eel ze strany dopravce mo\u017en\u00fd. Z\u00e1voz zbo\u017e\u00ed je realizov\u00e1n na z\u00e1klad\u011b p\u0159edchoz\u00edho av\u00edza dopravce v pr\u016fb\u011bhu pracovn\u00edho dne. Pokud nebudete p\u0159epravcem zasti\u017eeni, obdr\u017e\u00edte informaci ohledn\u011b n\u00e1sleduj\u00edc\u00edho term\u00ednu doru\u010den\u00ed, p\u0159\u00edpadn\u011b v\u00fdzvu k&nbsp;vyzvednut\u00ed na po\u0161t\u011b.<\/p>\n\n\n\n<p>Datum doru\u010den\u00ed uv\u00e1d\u011bn\u00fd na eshopu je orienta\u010dn\u00edm datem doru\u010den\u00ed.<\/p>\n\n\n\n<p><strong>PLATBA OBJEDN\u00c1VKY:<\/strong><\/p>\n\n\n\n<p><strong>Platba Kartou online<\/strong><br>Zbo\u017e\u00ed na eshopu v platebn\u00ed br\u00e1n\u011b kartou. Platbu je nutn\u00e9 prov\u00e9st do 30 minut od uzav\u0159en\u00ed objedn\u00e1vky, jinak bude objedn\u00e1vka zru\u0161ena.<\/p>\n","protected":false},"excerpt":{"rendered":"<p>\u010cR\/SR &#8211; DOPRAVA A PLATBA DOPRAVA P\u0158EPRAVN\u00cd SPOLE\u010cNOST\u00cd: Z\u00c1SILKOVNA:&nbsp;dopravn\u00e9&nbsp;59K\u010d &#8211; ZDARMA&nbsp;nad 800 K\u010dGLS V\u00ddDEJN\u00cd M\u00cdSTA + ALZA BOXY: dopravn\u00e9&nbsp;59K\u010d &#8211; ZDARMA&nbsp;nad 800 K\u010d GLS NA ADRESU: dopravn\u00e9&nbsp;79K\u010d &#8211; ZDARMA&nbsp;nad 800 K\u010d Z\u00c1SILKOVNA na Slovensko:&nbsp;dopravn\u00e9&nbsp;99K\u010d &#8211; ZDARMA&nbsp;nad 1000 K\u010dGLS NA ADRESU na Slovensko: dopravn\u00e9&nbsp;149K\u010d &#8211; ZDARMA&nbsp;nad 1000 K\u010d *Pro objedn\u00e1vky na Slovensko je platba mo\u017en\u00e1 pouze [&hellip;]<\/p>\n","protected":false},"author":2,"featured_media":6155,"parent":0,"menu_order":0,"comment_status":"closed","ping_status":"closed","template":"","meta":{"_acf_changed":false,"footnotes":""},"class_list":["post-6984","page","type-page","status-publish","has-post-thumbnail","hentry"],"acf":[],"_links":{"self":[{"href":"https:\/\/bitters.bio\/cs\/wp-json\/wp\/v2\/pages\/6984","targetHints":{"allow":["GET"]}}],"collection":[{"href":"https:\/\/bitters.bio\/cs\/wp-json\/wp\/v2\/pages"}],"about":[{"href":"https:\/\/bitters.bio\/cs\/wp-json\/wp\/v2\/types\/page"}],"author":[{"embeddable":true,"href":"https:\/\/bitters.bio\/cs\/wp-json\/wp\/v2\/users\/2"}],"replies":[{"embeddable":true,"href":"https:\/\/bitters.bio\/cs\/wp-json\/wp\/v2\/comments?post=6984"}],"version-history":[{"count":1,"href":"https:\/\/bitters.bio\/cs\/wp-json\/wp\/v2\/pages\/6984\/revisions"}],"predecessor-version":[{"id":6985,"href":"https:\/\/bitters.bio\/cs\/wp-json\/wp\/v2\/pages\/6984\/revisions\/6985"}],"wp:featuredmedia":[{"embeddable":true,"href":"https:\/\/bitters.bio\/cs\/wp-json\/wp\/v2\/media\/6155"}],"wp:attachment":[{"href":"https:\/\/bitters.bio\/cs\/wp-json\/wp\/v2\/media?parent=6984"}],"curies":[{"name":"wp","href":"https:\/\/api.w.org\/{rel}","templated":true}]}}