{"id":5226,"date":"2024-06-10T10:46:56","date_gmt":"2024-06-10T08:46:56","guid":{"rendered":"https:\/\/bitters.bio\/neza\u0159azen\u00e9\/shirataki-tagliatelle-390g\/"},"modified":"2026-02-03T11:02:45","modified_gmt":"2026-02-03T10:02:45","slug":"shirataki-tagliatelle-390g","status":"publish","type":"product","link":"https:\/\/bitters.bio\/cs\/fit\/shirataki-tagliatelle-390g\/","title":{"rendered":"Shirataki Tagliatelle 390g"},"excerpt":{"rendered":"<p>\u00da\u017easn\u00e9 Bitters Shirataki Tagliatelle z prvot\u0159\u00eddn\u00ed konjakov\u00e9 mouky.<\/p>\n","protected":false},"featured_media":6605,"template":"","meta":{"_acf_changed":false},"product_brand":[],"product_cat":[67],"product_tag":[],"class_list":{"0":"post-5226","1":"product","2":"type-product","3":"status-publish","4":"has-post-thumbnail","6":"product_cat-fit","8":"first","9":"instock","10":"taxable","11":"shipping-taxable","12":"purchasable","13":"product-type-variable"},"acf":[],"_links":{"self":[{"href":"https:\/\/bitters.bio\/cs\/wp-json\/wp\/v2\/product\/5226","targetHints":{"allow":["GET"]}}],"collection":[{"href":"https:\/\/bitters.bio\/cs\/wp-json\/wp\/v2\/product"}],"about":[{"href":"https:\/\/bitters.bio\/cs\/wp-json\/wp\/v2\/types\/product"}],"version-history":[{"count":11,"href":"https:\/\/bitters.bio\/cs\/wp-json\/wp\/v2\/product\/5226\/revisions"}],"predecessor-version":[{"id":9849,"href":"https:\/\/bitters.bio\/cs\/wp-json\/wp\/v2\/product\/5226\/revisions\/9849"}],"wp:featuredmedia":[{"embeddable":true,"href":"https:\/\/bitters.bio\/cs\/wp-json\/wp\/v2\/media\/6605"}],"wp:attachment":[{"href":"https:\/\/bitters.bio\/cs\/wp-json\/wp\/v2\/media?parent=5226"}],"wp:term":[{"taxonomy":"product_brand","embeddable":true,"href":"https:\/\/bitters.bio\/cs\/wp-json\/wp\/v2\/product_brand?post=5226"},{"taxonomy":"product_cat","embeddable":true,"href":"https:\/\/bitters.bio\/cs\/wp-json\/wp\/v2\/product_cat?post=5226"},{"taxonomy":"product_tag","embeddable":true,"href":"https:\/\/bitters.bio\/cs\/wp-json\/wp\/v2\/product_tag?post=5226"}],"curies":[{"name":"wp","href":"https:\/\/api.w.org\/{rel}","templated":true}]}}