{"id":5237,"date":"2024-06-10T12:03:04","date_gmt":"2024-06-10T10:03:04","guid":{"rendered":"https:\/\/bitters.bio\/neza\u0159azen\u00e9\/shirataki-spaghetti-390g\/"},"modified":"2026-02-03T11:01:53","modified_gmt":"2026-02-03T10:01:53","slug":"shirataki-spaghetti-390g","status":"publish","type":"product","link":"https:\/\/bitters.bio\/cs\/fit\/shirataki-spaghetti-390g\/","title":{"rendered":"Shirataki Spaghetti 390g"},"excerpt":{"rendered":"<p>Vyzkou\u0161ejte na\u0161e ho\u0159k\u00e9 \u0161pagety Shirataki, jejich\u017e z\u00e1kladem jsou pr\u00e9miov\u00e9 hl\u00edzy konjac.<\/p>\n","protected":false},"featured_media":6359,"template":"","meta":{"_acf_changed":false},"product_brand":[],"product_cat":[67],"product_tag":[],"class_list":{"0":"post-5237","1":"product","2":"type-product","3":"status-publish","4":"has-post-thumbnail","6":"product_cat-fit","8":"first","9":"instock","10":"taxable","11":"shipping-taxable","12":"purchasable","13":"product-type-variable","14":"has-default-attributes"},"acf":[],"_links":{"self":[{"href":"https:\/\/bitters.bio\/cs\/wp-json\/wp\/v2\/product\/5237","targetHints":{"allow":["GET"]}}],"collection":[{"href":"https:\/\/bitters.bio\/cs\/wp-json\/wp\/v2\/product"}],"about":[{"href":"https:\/\/bitters.bio\/cs\/wp-json\/wp\/v2\/types\/product"}],"version-history":[{"count":13,"href":"https:\/\/bitters.bio\/cs\/wp-json\/wp\/v2\/product\/5237\/revisions"}],"predecessor-version":[{"id":9847,"href":"https:\/\/bitters.bio\/cs\/wp-json\/wp\/v2\/product\/5237\/revisions\/9847"}],"wp:featuredmedia":[{"embeddable":true,"href":"https:\/\/bitters.bio\/cs\/wp-json\/wp\/v2\/media\/6359"}],"wp:attachment":[{"href":"https:\/\/bitters.bio\/cs\/wp-json\/wp\/v2\/media?parent=5237"}],"wp:term":[{"taxonomy":"product_brand","embeddable":true,"href":"https:\/\/bitters.bio\/cs\/wp-json\/wp\/v2\/product_brand?post=5237"},{"taxonomy":"product_cat","embeddable":true,"href":"https:\/\/bitters.bio\/cs\/wp-json\/wp\/v2\/product_cat?post=5237"},{"taxonomy":"product_tag","embeddable":true,"href":"https:\/\/bitters.bio\/cs\/wp-json\/wp\/v2\/product_tag?post=5237"}],"curies":[{"name":"wp","href":"https:\/\/api.w.org\/{rel}","templated":true}]}}