{"id":5249,"date":"2024-06-10T13:20:09","date_gmt":"2024-06-10T11:20:09","guid":{"rendered":"https:\/\/bitters.bio\/neza\u0159azen\u00e9\/shirataki-tagliatelle-280g\/"},"modified":"2026-02-03T11:01:11","modified_gmt":"2026-02-03T10:01:11","slug":"shirataki-tagliatelle-280g","status":"publish","type":"product","link":"https:\/\/bitters.bio\/cs\/fit\/shirataki-tagliatelle-280g\/","title":{"rendered":"Shirataki Tagliatelle 280g"},"excerpt":{"rendered":"<p>\u00da\u017easn\u00e9 Bitters Shirataki Tagliatelle z prvot\u0159\u00eddn\u00ed konjakov\u00e9 mouky.<\/p>\n","protected":false},"featured_media":4205,"template":"","meta":{"_acf_changed":false},"product_brand":[],"product_cat":[67],"product_tag":[],"class_list":{"0":"post-5249","1":"product","2":"type-product","3":"status-publish","4":"has-post-thumbnail","6":"product_cat-fit","8":"first","9":"instock","10":"taxable","11":"shipping-taxable","12":"product-type-variable"},"acf":[],"_links":{"self":[{"href":"https:\/\/bitters.bio\/cs\/wp-json\/wp\/v2\/product\/5249","targetHints":{"allow":["GET"]}}],"collection":[{"href":"https:\/\/bitters.bio\/cs\/wp-json\/wp\/v2\/product"}],"about":[{"href":"https:\/\/bitters.bio\/cs\/wp-json\/wp\/v2\/types\/product"}],"version-history":[{"count":13,"href":"https:\/\/bitters.bio\/cs\/wp-json\/wp\/v2\/product\/5249\/revisions"}],"predecessor-version":[{"id":9845,"href":"https:\/\/bitters.bio\/cs\/wp-json\/wp\/v2\/product\/5249\/revisions\/9845"}],"wp:featuredmedia":[{"embeddable":true,"href":"https:\/\/bitters.bio\/cs\/wp-json\/wp\/v2\/media\/4205"}],"wp:attachment":[{"href":"https:\/\/bitters.bio\/cs\/wp-json\/wp\/v2\/media?parent=5249"}],"wp:term":[{"taxonomy":"product_brand","embeddable":true,"href":"https:\/\/bitters.bio\/cs\/wp-json\/wp\/v2\/product_brand?post=5249"},{"taxonomy":"product_cat","embeddable":true,"href":"https:\/\/bitters.bio\/cs\/wp-json\/wp\/v2\/product_cat?post=5249"},{"taxonomy":"product_tag","embeddable":true,"href":"https:\/\/bitters.bio\/cs\/wp-json\/wp\/v2\/product_tag?post=5249"}],"curies":[{"name":"wp","href":"https:\/\/api.w.org\/{rel}","templated":true}]}}