{"id":5250,"date":"2024-06-10T13:30:27","date_gmt":"2024-06-10T11:30:27","guid":{"rendered":"https:\/\/bitters.bio\/neza\u0159azen\u00e9\/shirataki-rice-280g\/"},"modified":"2026-02-03T10:59:22","modified_gmt":"2026-02-03T09:59:22","slug":"shirataki-ryze-390g","status":"publish","type":"product","link":"https:\/\/bitters.bio\/cs\/fit\/shirataki-ryze-390g\/","title":{"rendered":"Shirataki r\u00fd\u017ee 390g"},"excerpt":{"rendered":"<p>Nenechte si uj\u00edt na\u0161i kulin\u00e1\u0159skou novinku Bitters Shirataki R\u00fd\u017ee!<\/p>\n","protected":false},"featured_media":6602,"template":"","meta":{"_acf_changed":false},"product_brand":[],"product_cat":[67],"product_tag":[],"class_list":{"0":"post-5250","1":"product","2":"type-product","3":"status-publish","4":"has-post-thumbnail","6":"product_cat-fit","8":"first","9":"instock","10":"taxable","11":"shipping-taxable","12":"purchasable","13":"product-type-variable"},"acf":[],"_links":{"self":[{"href":"https:\/\/bitters.bio\/cs\/wp-json\/wp\/v2\/product\/5250","targetHints":{"allow":["GET"]}}],"collection":[{"href":"https:\/\/bitters.bio\/cs\/wp-json\/wp\/v2\/product"}],"about":[{"href":"https:\/\/bitters.bio\/cs\/wp-json\/wp\/v2\/types\/product"}],"version-history":[{"count":22,"href":"https:\/\/bitters.bio\/cs\/wp-json\/wp\/v2\/product\/5250\/revisions"}],"predecessor-version":[{"id":9842,"href":"https:\/\/bitters.bio\/cs\/wp-json\/wp\/v2\/product\/5250\/revisions\/9842"}],"wp:featuredmedia":[{"embeddable":true,"href":"https:\/\/bitters.bio\/cs\/wp-json\/wp\/v2\/media\/6602"}],"wp:attachment":[{"href":"https:\/\/bitters.bio\/cs\/wp-json\/wp\/v2\/media?parent=5250"}],"wp:term":[{"taxonomy":"product_brand","embeddable":true,"href":"https:\/\/bitters.bio\/cs\/wp-json\/wp\/v2\/product_brand?post=5250"},{"taxonomy":"product_cat","embeddable":true,"href":"https:\/\/bitters.bio\/cs\/wp-json\/wp\/v2\/product_cat?post=5250"},{"taxonomy":"product_tag","embeddable":true,"href":"https:\/\/bitters.bio\/cs\/wp-json\/wp\/v2\/product_tag?post=5250"}],"curies":[{"name":"wp","href":"https:\/\/api.w.org\/{rel}","templated":true}]}}