{"id":5260,"date":"2024-06-10T13:30:27","date_gmt":"2024-06-10T11:30:27","guid":{"rendered":"https:\/\/bitters.bio\/neza\u0159azen\u00e9\/shirataki-spaghetti-280g\/"},"modified":"2026-02-03T10:59:49","modified_gmt":"2026-02-03T09:59:49","slug":"shirataki-spaghetti-280g","status":"publish","type":"product","link":"https:\/\/bitters.bio\/cs\/fit\/shirataki-spaghetti-280g\/","title":{"rendered":"Shirataki Spaghetti 280g"},"excerpt":{"rendered":"<p>Vyzkou\u0161ejte na\u0161e Bitters Shirataki Spaghetti, jejich\u017e z\u00e1kladem je prvot\u0159\u00eddn\u00ed hl\u00edza konjak.<\/p>\n","protected":false},"featured_media":4208,"template":"","meta":{"_acf_changed":false},"product_brand":[],"product_cat":[67],"product_tag":[],"class_list":{"0":"post-5260","1":"product","2":"type-product","3":"status-publish","4":"has-post-thumbnail","6":"product_cat-fit","8":"first","9":"outofstock","10":"taxable","11":"shipping-taxable","12":"purchasable","13":"product-type-variable"},"acf":[],"_links":{"self":[{"href":"https:\/\/bitters.bio\/cs\/wp-json\/wp\/v2\/product\/5260","targetHints":{"allow":["GET"]}}],"collection":[{"href":"https:\/\/bitters.bio\/cs\/wp-json\/wp\/v2\/product"}],"about":[{"href":"https:\/\/bitters.bio\/cs\/wp-json\/wp\/v2\/types\/product"}],"version-history":[{"count":14,"href":"https:\/\/bitters.bio\/cs\/wp-json\/wp\/v2\/product\/5260\/revisions"}],"predecessor-version":[{"id":9843,"href":"https:\/\/bitters.bio\/cs\/wp-json\/wp\/v2\/product\/5260\/revisions\/9843"}],"wp:featuredmedia":[{"embeddable":true,"href":"https:\/\/bitters.bio\/cs\/wp-json\/wp\/v2\/media\/4208"}],"wp:attachment":[{"href":"https:\/\/bitters.bio\/cs\/wp-json\/wp\/v2\/media?parent=5260"}],"wp:term":[{"taxonomy":"product_brand","embeddable":true,"href":"https:\/\/bitters.bio\/cs\/wp-json\/wp\/v2\/product_brand?post=5260"},{"taxonomy":"product_cat","embeddable":true,"href":"https:\/\/bitters.bio\/cs\/wp-json\/wp\/v2\/product_cat?post=5260"},{"taxonomy":"product_tag","embeddable":true,"href":"https:\/\/bitters.bio\/cs\/wp-json\/wp\/v2\/product_tag?post=5260"}],"curies":[{"name":"wp","href":"https:\/\/api.w.org\/{rel}","templated":true}]}}