{"id":5261,"date":"2024-06-10T12:21:59","date_gmt":"2024-06-10T10:21:59","guid":{"rendered":"https:\/\/bitters.bio\/neza\u0159azen\u00e9\/shirataki-spaghetti-bold-390g\/"},"modified":"2026-02-03T11:01:32","modified_gmt":"2026-02-03T10:01:32","slug":"shirataki-spaghetti-bold-390g","status":"publish","type":"product","link":"https:\/\/bitters.bio\/cs\/fit\/shirataki-spaghetti-bold-390g\/","title":{"rendered":"Shirataki Spaghetti Bold 390g"},"excerpt":{"rendered":"<p>Vyzkou\u0161ejte Bitter \u0160pagety Shirataki Bold, jejich\u017e z\u00e1kladem je mouka z ko\u0159ene konjac.<\/p>\n","protected":false},"featured_media":6596,"template":"","meta":{"_acf_changed":false},"product_brand":[],"product_cat":[67],"product_tag":[],"class_list":{"0":"post-5261","1":"product","2":"type-product","3":"status-publish","4":"has-post-thumbnail","6":"product_cat-fit","8":"first","9":"instock","10":"taxable","11":"shipping-taxable","12":"purchasable","13":"product-type-variable"},"acf":[],"_links":{"self":[{"href":"https:\/\/bitters.bio\/cs\/wp-json\/wp\/v2\/product\/5261","targetHints":{"allow":["GET"]}}],"collection":[{"href":"https:\/\/bitters.bio\/cs\/wp-json\/wp\/v2\/product"}],"about":[{"href":"https:\/\/bitters.bio\/cs\/wp-json\/wp\/v2\/types\/product"}],"version-history":[{"count":10,"href":"https:\/\/bitters.bio\/cs\/wp-json\/wp\/v2\/product\/5261\/revisions"}],"predecessor-version":[{"id":9846,"href":"https:\/\/bitters.bio\/cs\/wp-json\/wp\/v2\/product\/5261\/revisions\/9846"}],"wp:featuredmedia":[{"embeddable":true,"href":"https:\/\/bitters.bio\/cs\/wp-json\/wp\/v2\/media\/6596"}],"wp:attachment":[{"href":"https:\/\/bitters.bio\/cs\/wp-json\/wp\/v2\/media?parent=5261"}],"wp:term":[{"taxonomy":"product_brand","embeddable":true,"href":"https:\/\/bitters.bio\/cs\/wp-json\/wp\/v2\/product_brand?post=5261"},{"taxonomy":"product_cat","embeddable":true,"href":"https:\/\/bitters.bio\/cs\/wp-json\/wp\/v2\/product_cat?post=5261"},{"taxonomy":"product_tag","embeddable":true,"href":"https:\/\/bitters.bio\/cs\/wp-json\/wp\/v2\/product_tag?post=5261"}],"curies":[{"name":"wp","href":"https:\/\/api.w.org\/{rel}","templated":true}]}}