{"id":5270,"date":"2024-06-10T13:26:48","date_gmt":"2024-06-10T11:26:48","guid":{"rendered":"https:\/\/bitters.bio\/neza\u0159azen\u00e9\/shirataki-spaghetti-bold-280g\/"},"modified":"2026-02-03T11:00:46","modified_gmt":"2026-02-03T10:00:46","slug":"shirataki-spaghetti-bold-280g","status":"publish","type":"product","link":"https:\/\/bitters.bio\/cs\/fit\/shirataki-spaghetti-bold-280g\/","title":{"rendered":"Shirataki Spaghetti Bold 280g"},"excerpt":{"rendered":"<p>Vyzkou\u0161ejte na\u0161e Bitters Shirataki Spaghetti Bold, jejich\u017e z\u00e1kladem je pr\u00e9miov\u00e1 hl\u00edza konjak.<\/p>\n","protected":false},"featured_media":4196,"template":"","meta":{"_acf_changed":false},"product_brand":[],"product_cat":[67],"product_tag":[],"class_list":{"0":"post-5270","1":"product","2":"type-product","3":"status-publish","4":"has-post-thumbnail","6":"product_cat-fit","8":"first","9":"instock","10":"taxable","11":"shipping-taxable","12":"product-type-variable"},"acf":[],"_links":{"self":[{"href":"https:\/\/bitters.bio\/cs\/wp-json\/wp\/v2\/product\/5270","targetHints":{"allow":["GET"]}}],"collection":[{"href":"https:\/\/bitters.bio\/cs\/wp-json\/wp\/v2\/product"}],"about":[{"href":"https:\/\/bitters.bio\/cs\/wp-json\/wp\/v2\/types\/product"}],"version-history":[{"count":13,"href":"https:\/\/bitters.bio\/cs\/wp-json\/wp\/v2\/product\/5270\/revisions"}],"predecessor-version":[{"id":9844,"href":"https:\/\/bitters.bio\/cs\/wp-json\/wp\/v2\/product\/5270\/revisions\/9844"}],"wp:featuredmedia":[{"embeddable":true,"href":"https:\/\/bitters.bio\/cs\/wp-json\/wp\/v2\/media\/4196"}],"wp:attachment":[{"href":"https:\/\/bitters.bio\/cs\/wp-json\/wp\/v2\/media?parent=5270"}],"wp:term":[{"taxonomy":"product_brand","embeddable":true,"href":"https:\/\/bitters.bio\/cs\/wp-json\/wp\/v2\/product_brand?post=5270"},{"taxonomy":"product_cat","embeddable":true,"href":"https:\/\/bitters.bio\/cs\/wp-json\/wp\/v2\/product_cat?post=5270"},{"taxonomy":"product_tag","embeddable":true,"href":"https:\/\/bitters.bio\/cs\/wp-json\/wp\/v2\/product_tag?post=5270"}],"curies":[{"name":"wp","href":"https:\/\/api.w.org\/{rel}","templated":true}]}}