{"id":5434,"date":"2024-06-19T18:05:17","date_gmt":"2024-06-19T16:05:17","guid":{"rendered":"https:\/\/bitters.bio\/inscripcion-completa\/"},"modified":"2024-08-02T12:43:32","modified_gmt":"2024-08-02T10:43:32","slug":"inscripcion-completa","status":"publish","type":"page","link":"https:\/\/bitters.bio\/es\/inscripcion-completa\/","title":{"rendered":"Inscripci\u00f3n Completa"},"content":{"rendered":"\t\t<div data-elementor-type=\"wp-page\" data-elementor-id=\"5434\" class=\"elementor elementor-5434 elementor-5422\" data-elementor-post-type=\"page\">\n\t\t\t\t<div class=\"elementor-element elementor-element-5254666 e-flex e-con-boxed e-con e-parent\" data-id=\"5254666\" data-element_type=\"container\" data-e-type=\"container\">\n\t\t\t\t\t<div class=\"e-con-inner\">\n\t\t\t\t<div class=\"elementor-element elementor-element-e270523 elementor-widget elementor-widget-heading\" data-id=\"e270523\" data-element_type=\"widget\" data-e-type=\"widget\" data-widget_type=\"heading.default\">\n\t\t\t\t<div class=\"elementor-widget-container\">\n\t\t\t\t\t<h2 class=\"elementor-heading-title elementor-size-default\">Inscripci\u00f3n completada<\/h2>\t\t\t\t<\/div>\n\t\t\t\t<\/div>\n\t\t\t\t<div class=\"elementor-element elementor-element-0e4a56f elementor-widget elementor-widget-text-editor\" data-id=\"0e4a56f\" data-element_type=\"widget\" data-e-type=\"widget\" data-widget_type=\"text-editor.default\">\n\t\t\t\t<div class=\"elementor-widget-container\">\n\t\t\t\t\t\t\t\t\t<p>Gracias, su registro se ha realizado con \u00e9xito. <br \/>Si se ha registrado como mayorista, espere por favor la aprobaci\u00f3n de su registro.<\/p>\t\t\t\t\t\t\t\t<\/div>\n\t\t\t\t<\/div>\n\t\t\t\t<div class=\"elementor-element elementor-element-2a98468 elementor-widget elementor-widget-text-editor\" data-id=\"2a98468\" data-element_type=\"widget\" data-e-type=\"widget\" data-widget_type=\"text-editor.default\">\n\t\t\t\t<div class=\"elementor-widget-container\">\n\t\t\t\t\t\t\t\t\t<p>Si se ha registrado como cliente, ahora puede <a href=\"\/es\/mi-cuenta\/orders\/\">inicir sesi\u00f3n aqu\u00ed<\/a>.<\/p>\t\t\t\t\t\t\t\t<\/div>\n\t\t\t\t<\/div>\n\t\t\t\t\t<\/div>\n\t\t\t\t<\/div>\n\t\t\t\t<\/div>\n\t\t","protected":false},"excerpt":{"rendered":"<p>Inscripci\u00f3n completada Gracias, su registro se ha realizado con \u00e9xito. Si se ha registrado como mayorista, espere por favor la aprobaci\u00f3n de su registro. Si se ha registrado como cliente, ahora puede inicir sesi\u00f3n aqu\u00ed.<\/p>\n","protected":false},"author":3,"featured_media":6154,"parent":0,"menu_order":0,"comment_status":"closed","ping_status":"closed","template":"","meta":{"_acf_changed":false,"footnotes":""},"class_list":["post-5434","page","type-page","status-publish","has-post-thumbnail","hentry"],"acf":[],"_links":{"self":[{"href":"https:\/\/bitters.bio\/es\/wp-json\/wp\/v2\/pages\/5434","targetHints":{"allow":["GET"]}}],"collection":[{"href":"https:\/\/bitters.bio\/es\/wp-json\/wp\/v2\/pages"}],"about":[{"href":"https:\/\/bitters.bio\/es\/wp-json\/wp\/v2\/types\/page"}],"author":[{"embeddable":true,"href":"https:\/\/bitters.bio\/es\/wp-json\/wp\/v2\/users\/3"}],"replies":[{"embeddable":true,"href":"https:\/\/bitters.bio\/es\/wp-json\/wp\/v2\/comments?post=5434"}],"version-history":[{"count":9,"href":"https:\/\/bitters.bio\/es\/wp-json\/wp\/v2\/pages\/5434\/revisions"}],"predecessor-version":[{"id":7376,"href":"https:\/\/bitters.bio\/es\/wp-json\/wp\/v2\/pages\/5434\/revisions\/7376"}],"wp:featuredmedia":[{"embeddable":true,"href":"https:\/\/bitters.bio\/es\/wp-json\/wp\/v2\/media\/6154"}],"wp:attachment":[{"href":"https:\/\/bitters.bio\/es\/wp-json\/wp\/v2\/media?parent=5434"}],"curies":[{"name":"wp","href":"https:\/\/api.w.org\/{rel}","templated":true}]}}