{"id":6988,"date":"2024-07-29T10:19:45","date_gmt":"2024-07-29T08:19:45","guid":{"rendered":"https:\/\/bitters.bio\/envio-y-pago\/"},"modified":"2024-07-29T10:25:53","modified_gmt":"2024-07-29T08:25:53","slug":"envio-y-pago","status":"publish","type":"page","link":"https:\/\/bitters.bio\/es\/envio-y-pago\/","title":{"rendered":"Env\u00edo y pago"},"content":{"rendered":"\n<p><strong>CZ\/SK &#8211; ENV\u00cdO Y PAGO<\/strong><\/p>\n\n\n\n<p><strong>ENV\u00cdO POR EMPRESA DE TRANSPORTE:<\/strong><\/p>\n\n\n\n<p><strong>Z\u00c1SILKOVNA:<\/strong> env\u00edo 59K\u010d &#8211; GRATIS por compras superiores a 800 K\u010d<br><strong>GLS PUNTOS DE RECOGIDA + ALZA BOXES:<\/strong> env\u00edo 59K\u010d &#8211; GRATIS por compras superiores a 800 K\u010d<br><strong>GLS A DOMICILIO:<\/strong> env\u00edo 79K\u010d &#8211; GRATIS por compras superiores a 800 K\u010d<\/p>\n\n\n\n<p><strong>Z\u00c1SILKOVNA a Eslovaquia:<\/strong> env\u00edo 99K\u010d &#8211; GRATIS por compras superiores a 1000 K\u010d<br><strong>GLS A DOMICILIO a Eslovaquia:<\/strong> env\u00edo 149K\u010d &#8211; GRATIS por compras superiores a 1000 K\u010d<\/p>\n\n\n\n<p><em>Para pedidos a Eslovaquia, el pago solo es posible con tarjeta online antes del env\u00edo.<\/em><\/p>\n\n\n\n<p>El importe para determinar el costo del env\u00edo se calcula sobre el precio despu\u00e9s de aplicar todos los descuentos, incluidos los c\u00f3digos de bonificaci\u00f3n de descuento.<\/p>\n\n\n\n<p>Antes de aceptar el producto, por favor, verifique que el embalaje est\u00e9 intacto; en caso de cualquier discrepancia, no acepte el producto. No es posible verificar la funcionalidad del producto en el lugar.<\/p>\n\n\n\n<p>Desafortunadamente, la elecci\u00f3n precisa de la hora de entrega no es posible por parte del transportista. La entrega del producto se realiza seg\u00fan el aviso previo del transportista durante el d\u00eda laborable. Si no se le encuentra, recibir\u00e1 informaci\u00f3n sobre el siguiente t\u00e9rmino de entrega o una solicitud para recogerlo en la oficina de correos.<\/p>\n\n\n\n<p>La fecha de entrega indicada en el sitio web es una fecha estimada de entrega.<\/p>\n\n\n\n<p><strong>PAGO DEL PEDIDO:<\/strong><\/p>\n\n\n\n<p><strong>Pago con tarjeta online<\/strong><br>Producto en el sitio web con pasarela de pago con tarjeta. El pago debe realizarse dentro de los 30 minutos posteriores al cierre del pedido, de lo contrario, el pedido ser\u00e1 cancelado.<\/p>\n\n\n\n<p><strong>Pago contra reembolso<\/strong><br>Pagar\u00e1 el producto al transportista en el momento de la entrega, directamente en la direcci\u00f3n que haya especificado. En el caso de pedidos contra reembolso, desafortunadamente no es posible pagar con tarjeta al transportista, el pago solo es posible en efectivo. Al pagar contra reembolso, se a\u00f1adir\u00e1 una tarifa de 29,- K\u010d al precio del pedido. El pago contra reembolso no es posible para pedidos a Eslovaquia.<\/p>\n\n\n\n<p><strong>ES &#8211; ENV\u00cdO Y PAGO<\/strong><\/p>\n\n\n\n<p><strong>ENV\u00cdO POR EMPRESA DE TRANSPORTE:<\/strong><\/p>\n\n\n\n<p><strong>MRW &#8211; Entrega a domicilio:<\/strong> env\u00edo 5\u20ac &#8211; GRATIS por compras superiores a 40\u20ac<br><strong>MRW &#8211; Puntos de recogida:<\/strong> env\u00edo 5\u20ac &#8211; GRATIS por compras superiores a 40\u20ac<\/p>\n\n\n\n<p>El importe para determinar el costo del env\u00edo se calcula sobre el precio despu\u00e9s de aplicar todos los descuentos, incluidos los c\u00f3digos de bonificaci\u00f3n de descuento.<\/p>\n\n\n\n<p>Antes de aceptar el producto, por favor, verifique que el embalaje est\u00e9 intacto; en caso de cualquier discrepancia, no acepte el producto. No es posible verificar la funcionalidad del producto en el lugar.<\/p>\n\n\n\n<p>Desafortunadamente, la elecci\u00f3n precisa de la hora de entrega no es posible por parte del transportista. La entrega del producto se realiza seg\u00fan el aviso previo del transportista durante el d\u00eda laborable. Si no se le encuentra, recibir\u00e1 informaci\u00f3n sobre el siguiente t\u00e9rmino de entrega o una solicitud para recogerlo en la oficina de correos.<\/p>\n\n\n\n<p>La fecha de entrega indicada en el sitio web es una fecha estimada de entrega.<\/p>\n\n\n\n<p><strong>PAGO DEL PEDIDO:<\/strong><\/p>\n\n\n\n<p><strong>Pago con tarjeta online<\/strong><br>Producto en el sitio web con pasarela de pago con tarjeta. El pago debe realizarse dentro de los 30 minutos posteriores al cierre del pedido, de lo contrario, el pedido ser\u00e1 cancelado.<\/p>\n\n\n\n<p><strong>IT &#8211; ENV\u00cdO Y PAGO<\/strong><\/p>\n\n\n\n<p><strong>ENV\u00cdO POR EMPRESA DE TRANSPORTE:<\/strong><\/p>\n\n\n\n<p><strong>BARTOLINI &#8211; Entrega a domicilio:<\/strong> env\u00edo 5\u20ac &#8211; GRATIS por compras superiores a 40\u20ac<br><strong>BARTOLINI &#8211; Puntos de recogida:<\/strong> env\u00edo 5\u20ac &#8211; GRATIS por compras superiores a 40\u20ac<br><strong>BARTOLINI &#8211; Box:<\/strong> env\u00edo 5\u20ac &#8211; GRATIS por compras superiores a 40\u20ac<\/p>\n\n\n\n<p>El importe para determinar el costo del env\u00edo se calcula sobre el precio despu\u00e9s de aplicar todos los descuentos, incluidos los c\u00f3digos de bonificaci\u00f3n de descuento.<\/p>\n\n\n\n<p>Antes de aceptar el producto, por favor, verifique que el embalaje est\u00e9 intacto; en caso de cualquier discrepancia, no acepte el producto. No es posible verificar la funcionalidad del producto en el lugar.<\/p>\n\n\n\n<p>Desafortunadamente, la elecci\u00f3n precisa de la hora de entrega no es posible por parte del transportista. La entrega del producto se realiza seg\u00fan el aviso previo del transportista durante el d\u00eda laborable. Si no se le encuentra, recibir\u00e1 informaci\u00f3n sobre el siguiente t\u00e9rmino de entrega o una solicitud para recogerlo en la oficina de correos.<\/p>\n\n\n\n<p>La fecha de entrega indicada en el sitio web es una fecha estimada de entrega.<\/p>\n\n\n\n<p><strong>PAGO DEL PEDIDO:<\/strong><\/p>\n\n\n\n<p><strong>Pago con tarjeta online<\/strong><br>Producto en el sitio web con pasarela de pago con tarjeta. El pago debe realizarse dentro de los 30 minutos posteriores al cierre del pedido, de lo contrario, el pedido ser\u00e1 cancelado.<\/p>\n","protected":false},"excerpt":{"rendered":"<p>CZ\/SK &#8211; ENV\u00cdO Y PAGO ENV\u00cdO POR EMPRESA DE TRANSPORTE: Z\u00c1SILKOVNA: env\u00edo 59K\u010d &#8211; GRATIS por compras superiores a 800 K\u010dGLS PUNTOS DE RECOGIDA + ALZA BOXES: env\u00edo 59K\u010d &#8211; GRATIS por compras superiores a 800 K\u010dGLS A DOMICILIO: env\u00edo 79K\u010d &#8211; GRATIS por compras superiores a 800 K\u010d Z\u00c1SILKOVNA a Eslovaquia: env\u00edo 99K\u010d &#8211; [&hellip;]<\/p>\n","protected":false},"author":2,"featured_media":6154,"parent":0,"menu_order":0,"comment_status":"closed","ping_status":"closed","template":"","meta":{"_acf_changed":false,"footnotes":""},"class_list":["post-6988","page","type-page","status-publish","has-post-thumbnail","hentry"],"acf":[],"_links":{"self":[{"href":"https:\/\/bitters.bio\/es\/wp-json\/wp\/v2\/pages\/6988","targetHints":{"allow":["GET"]}}],"collection":[{"href":"https:\/\/bitters.bio\/es\/wp-json\/wp\/v2\/pages"}],"about":[{"href":"https:\/\/bitters.bio\/es\/wp-json\/wp\/v2\/types\/page"}],"author":[{"embeddable":true,"href":"https:\/\/bitters.bio\/es\/wp-json\/wp\/v2\/users\/2"}],"replies":[{"embeddable":true,"href":"https:\/\/bitters.bio\/es\/wp-json\/wp\/v2\/comments?post=6988"}],"version-history":[{"count":2,"href":"https:\/\/bitters.bio\/es\/wp-json\/wp\/v2\/pages\/6988\/revisions"}],"predecessor-version":[{"id":6991,"href":"https:\/\/bitters.bio\/es\/wp-json\/wp\/v2\/pages\/6988\/revisions\/6991"}],"wp:featuredmedia":[{"embeddable":true,"href":"https:\/\/bitters.bio\/es\/wp-json\/wp\/v2\/media\/6154"}],"wp:attachment":[{"href":"https:\/\/bitters.bio\/es\/wp-json\/wp\/v2\/media?parent=6988"}],"curies":[{"name":"wp","href":"https:\/\/api.w.org\/{rel}","templated":true}]}}