{"id":5254,"date":"2024-06-10T13:30:27","date_gmt":"2024-06-10T11:30:27","guid":{"rendered":"https:\/\/bitters.bio\/sin%20categor\u00eda\/shirataki-spaghetti-280g\/"},"modified":"2026-02-03T11:20:09","modified_gmt":"2026-02-03T10:20:09","slug":"shirataki-spaghetti-280g","status":"publish","type":"product","link":"https:\/\/bitters.bio\/es\/fit\/shirataki-spaghetti-280g\/","title":{"rendered":"Shirataki Spaghetti 280g"},"excerpt":{"rendered":"<p>Vyzkou\u0161ejte na\u0161e Bitters Shirataki Spaghetti, jejich\u017e z\u00e1kladem je prvot\u0159\u00eddn\u00ed hl\u00edza konjak.<\/p>\n","protected":false},"featured_media":4209,"template":"","meta":{"_acf_changed":false},"product_brand":[],"product_cat":[69],"product_tag":[],"class_list":{"0":"post-5254","1":"product","2":"type-product","3":"status-publish","4":"has-post-thumbnail","6":"product_cat-fit","8":"first","9":"outofstock","10":"taxable","11":"shipping-taxable","12":"purchasable","13":"product-type-variable"},"acf":[],"_links":{"self":[{"href":"https:\/\/bitters.bio\/es\/wp-json\/wp\/v2\/product\/5254","targetHints":{"allow":["GET"]}}],"collection":[{"href":"https:\/\/bitters.bio\/es\/wp-json\/wp\/v2\/product"}],"about":[{"href":"https:\/\/bitters.bio\/es\/wp-json\/wp\/v2\/types\/product"}],"version-history":[{"count":6,"href":"https:\/\/bitters.bio\/es\/wp-json\/wp\/v2\/product\/5254\/revisions"}],"predecessor-version":[{"id":9860,"href":"https:\/\/bitters.bio\/es\/wp-json\/wp\/v2\/product\/5254\/revisions\/9860"}],"wp:featuredmedia":[{"embeddable":true,"href":"https:\/\/bitters.bio\/es\/wp-json\/wp\/v2\/media\/4209"}],"wp:attachment":[{"href":"https:\/\/bitters.bio\/es\/wp-json\/wp\/v2\/media?parent=5254"}],"wp:term":[{"taxonomy":"product_brand","embeddable":true,"href":"https:\/\/bitters.bio\/es\/wp-json\/wp\/v2\/product_brand?post=5254"},{"taxonomy":"product_cat","embeddable":true,"href":"https:\/\/bitters.bio\/es\/wp-json\/wp\/v2\/product_cat?post=5254"},{"taxonomy":"product_tag","embeddable":true,"href":"https:\/\/bitters.bio\/es\/wp-json\/wp\/v2\/product_tag?post=5254"}],"curies":[{"name":"wp","href":"https:\/\/api.w.org\/{rel}","templated":true}]}}